{"id":8481,"date":"2023-12-22T10:22:57","date_gmt":"2023-12-22T10:22:57","guid":{"rendered":"https:\/\/uniotec.kraftadvisors.net\/?page_id=8481"},"modified":"2024-01-17T14:40:23","modified_gmt":"2024-01-17T14:40:23","slug":"eksploatacija-sume","status":"publish","type":"page","link":"https:\/\/uniotec.kraftadvisors.net\/bs\/eksploatacija-sume\/","title":{"rendered":"Eksploatacija \u0161ume"},"content":{"rendered":"<div data-elementor-type=\"wp-page\" data-elementor-id=\"8481\" class=\"elementor elementor-8481\">\n\t\t\t\t\t\t<section class=\"elementor-section elementor-top-section elementor-element elementor-element-57e541d elementor-section-stretched elementor-section-boxed elementor-section-height-default elementor-section-height-default\" data-id=\"57e541d\" data-element_type=\"section\" data-settings=\"{&quot;stretch_section&quot;:&quot;section-stretched&quot;,&quot;background_background&quot;:&quot;classic&quot;}\">\n\t\t\t\t\t\t<div class=\"elementor-container elementor-column-gap-no\">\n\t\t\t\t\t<div class=\"elementor-column elementor-col-100 elementor-top-column elementor-element elementor-element-f460af8\" data-id=\"f460af8\" data-element_type=\"column\">\n\t\t\t<div class=\"elementor-widget-wrap elementor-element-populated\">\n\t\t\t\t\t\t<section class=\"elementor-section elementor-inner-section elementor-element elementor-element-82745e4 elementor-section-boxed elementor-section-height-default elementor-section-height-default\" data-id=\"82745e4\" data-element_type=\"section\">\n\t\t\t\t\t\t<div class=\"elementor-container elementor-column-gap-no\">\n\t\t\t\t\t<div class=\"elementor-column elementor-col-100 elementor-inner-column elementor-element elementor-element-bda2319\" data-id=\"bda2319\" data-element_type=\"column\">\n\t\t\t<div class=\"elementor-widget-wrap elementor-element-populated\">\n\t\t\t\t\t\t<div class=\"elementor-element elementor-element-7e5a688 animated-fast elementor-invisible elementor-widget elementor-widget-heading\" data-id=\"7e5a688\" data-element_type=\"widget\" data-settings=\"{&quot;_animation&quot;:&quot;opal-move-up&quot;}\" data-widget_type=\"heading.default\">\n\t\t\t\t<div class=\"elementor-widget-container\">\n\t\t\t\t\t<h2 class=\"elementor-heading-title elementor-size-default\">EKSPLOATACIJA\n\n\u0160UME \n<\/h2>\t\t\t\t<\/div>\n\t\t\t\t<\/div>\n\t\t\t\t<div class=\"elementor-element elementor-element-39f72bf elementor-widget elementor-widget-heading\" data-id=\"39f72bf\" data-element_type=\"widget\" data-widget_type=\"heading.default\">\n\t\t\t\t<div class=\"elementor-widget-container\">\n\t\t\t\t\t<h3 class=\"elementor-heading-title elementor-size-default\">UNIOTEC<\/h3>\t\t\t\t<\/div>\n\t\t\t\t<\/div>\n\t\t\t\t<div class=\"elementor-element elementor-element-9e6be5b animated-fast elementor-invisible elementor-widget elementor-widget-text-editor\" data-id=\"9e6be5b\" data-element_type=\"widget\" data-settings=\"{&quot;_animation&quot;:&quot;opal-move-up&quot;}\" data-widget_type=\"text-editor.default\">\n\t\t\t\t<div class=\"elementor-widget-container\">\n\t\t\t\t\t\t\t\t\t<p>Uniotec, kao \u0161umsko preduze\u0107e, posve\u0107eno je kontrolisanoj eksploataciji \u0161uma koja osigurava odr\u017eivost i dugoro\u010dno zdravlje \u0161umskih resursa u Bosni i Hercegovini. Na\u0161a posve\u0107enost preciznom i odgovornom pristupu eksploataciji \u0161uma proisti\u010de iz dubokog po\u0161tovanja prema prirodi i \u017eelje da o\u010duvamo \u0161umske ekosisteme za budu\u0107e generacije.<\/p>\t\t\t\t\t\t\t\t<\/div>\n\t\t\t\t<\/div>\n\t\t\t\t\t<\/div>\n\t\t<\/div>\n\t\t\t\t\t<\/div>\n\t\t<\/section>\n\t\t\t\t<section class=\"elementor-section elementor-inner-section elementor-element elementor-element-ecb45c9 elementor-section-boxed elementor-section-height-default elementor-section-height-default\" data-id=\"ecb45c9\" data-element_type=\"section\">\n\t\t\t\t\t\t<div class=\"elementor-container elementor-column-gap-no\">\n\t\t\t\t\t<div class=\"elementor-column elementor-col-50 elementor-inner-column elementor-element elementor-element-b73e938\" data-id=\"b73e938\" data-element_type=\"column\">\n\t\t\t<div class=\"elementor-widget-wrap elementor-element-populated\">\n\t\t\t\t\t\t<div class=\"elementor-element elementor-element-dd7d9f0 animated-fast elementor-view-default elementor-position-top elementor-mobile-position-top elementor-invisible elementor-widget elementor-widget-icon-box\" data-id=\"dd7d9f0\" data-element_type=\"widget\" data-settings=\"{&quot;_animation&quot;:&quot;opal-move-up&quot;}\" data-widget_type=\"icon-box.default\">\n\t\t\t\t<div class=\"elementor-widget-container\">\n\t\t\t\t\t\t\t<div class=\"elementor-icon-box-wrapper\">\n\n\t\t\t\t\t\t<div class=\"elementor-icon-box-icon\">\n\t\t\t\t<span  class=\"elementor-icon\">\n\t\t\t\t<i class=\"Array svg\" aria-hidden=\"true\"><\/i>\t\t\t\t<\/span>\n\t\t\t<\/div>\n\t\t\t\n\t\t\t\t\t\t<div class=\"elementor-icon-box-content\">\n\n\t\t\t\t\t\t\t\t\t<h3 class=\"elementor-icon-box-title\">\n\t\t\t\t\t\t<span  >\n\t\t\t\t\t\t\tSelektivna sje\u010da\t\t\t\t\t\t<\/span>\n\t\t\t\t\t<\/h3>\n\t\t\t\t\n\t\t\t\t\t\t\t\t\t<p class=\"elementor-icon-box-description\">\n\t\t\t\t\t\tNa\u0161a selektivna sje\u010da podrazumeva precizno odabranu strategiju uklanjanja samo odre\u0111enih stabala radi o\u010duvanja biodiverziteta i zdravlja \u0161uma.\t\t\t\t\t<\/p>\n\t\t\t\t\n\t\t\t<\/div>\n\t\t\t\n\t\t<\/div>\n\t\t\t\t\t\t<\/div>\n\t\t\t\t<\/div>\n\t\t\t\t<div class=\"elementor-element elementor-element-4e1c004 animated-fast elementor-view-default elementor-position-top elementor-mobile-position-top elementor-invisible elementor-widget elementor-widget-icon-box\" data-id=\"4e1c004\" data-element_type=\"widget\" data-settings=\"{&quot;_animation&quot;:&quot;opal-move-up&quot;}\" data-widget_type=\"icon-box.default\">\n\t\t\t\t<div class=\"elementor-widget-container\">\n\t\t\t\t\t\t\t<div class=\"elementor-icon-box-wrapper\">\n\n\t\t\t\t\t\t<div class=\"elementor-icon-box-icon\">\n\t\t\t\t<span  class=\"elementor-icon\">\n\t\t\t\t<i class=\"Array svg\" aria-hidden=\"true\"><\/i>\t\t\t\t<\/span>\n\t\t\t<\/div>\n\t\t\t\n\t\t\t\t\t\t<div class=\"elementor-icon-box-content\">\n\n\t\t\t\t\t\t\t\t\t<h3 class=\"elementor-icon-box-title\">\n\t\t\t\t\t\t<span  >\n\t\t\t\t\t\t\tRehabilitacija nakon sje\u010de\t\t\t\t\t\t<\/span>\n\t\t\t\t\t<\/h3>\n\t\t\t\t\n\t\t\t\t\t\t\t\t\t<p class=\"elementor-icon-box-description\">\n\t\t\t\t\t\tKroz program rehabilitacije, sadnju novih stabala i obnavljanje biodiverziteta, radimo na vra\u0107anju \u0161umskih podru\u010dja u njihovo prirodno stanje.\t\t\t\t\t<\/p>\n\t\t\t\t\n\t\t\t<\/div>\n\t\t\t\n\t\t<\/div>\n\t\t\t\t\t\t<\/div>\n\t\t\t\t<\/div>\n\t\t\t\t\t<\/div>\n\t\t<\/div>\n\t\t\t\t<div class=\"elementor-column elementor-col-50 elementor-inner-column elementor-element elementor-element-33226b4\" data-id=\"33226b4\" data-element_type=\"column\">\n\t\t\t<div class=\"elementor-widget-wrap elementor-element-populated\">\n\t\t\t\t\t\t<div class=\"elementor-element elementor-element-40c53a7 animated-fast elementor-view-default elementor-position-top elementor-mobile-position-top elementor-invisible elementor-widget elementor-widget-icon-box\" data-id=\"40c53a7\" data-element_type=\"widget\" data-settings=\"{&quot;_animation&quot;:&quot;opal-move-up&quot;,&quot;_animation_delay&quot;:150}\" data-widget_type=\"icon-box.default\">\n\t\t\t\t<div class=\"elementor-widget-container\">\n\t\t\t\t\t\t\t<div class=\"elementor-icon-box-wrapper\">\n\n\t\t\t\t\t\t<div class=\"elementor-icon-box-icon\">\n\t\t\t\t<span  class=\"elementor-icon\">\n\t\t\t\t<i class=\"Array svg\" aria-hidden=\"true\"><\/i>\t\t\t\t<\/span>\n\t\t\t<\/div>\n\t\t\t\n\t\t\t\t\t\t<div class=\"elementor-icon-box-content\">\n\n\t\t\t\t\t\t\t\t\t<h3 class=\"elementor-icon-box-title\">\n\t\t\t\t\t\t<span  >\n\t\t\t\t\t\t\tOdr\u017eiva sje\u010da\t\t\t\t\t\t<\/span>\n\t\t\t\t\t<\/h3>\n\t\t\t\t\n\t\t\t\t\t\t\t\t\t<p class=\"elementor-icon-box-description\">\n\t\t\t\t\t\tOdr\u017eavamo ravnote\u017eu izme\u0111u eksploatacije i obnove, koriste\u0107i metodologiju koja osigurava vitalnost \u0161uma i njihovu sposobnost da obnavljaju svoje resurse.\t\t\t\t\t<\/p>\n\t\t\t\t\n\t\t\t<\/div>\n\t\t\t\n\t\t<\/div>\n\t\t\t\t\t\t<\/div>\n\t\t\t\t<\/div>\n\t\t\t\t<div class=\"elementor-element elementor-element-85f9abe animated-fast elementor-view-default elementor-position-top elementor-mobile-position-top elementor-invisible elementor-widget elementor-widget-icon-box\" data-id=\"85f9abe\" data-element_type=\"widget\" data-settings=\"{&quot;_animation&quot;:&quot;opal-move-up&quot;,&quot;_animation_delay&quot;:300}\" data-widget_type=\"icon-box.default\">\n\t\t\t\t<div class=\"elementor-widget-container\">\n\t\t\t\t\t\t\t<div class=\"elementor-icon-box-wrapper\">\n\n\t\t\t\t\t\t<div class=\"elementor-icon-box-icon\">\n\t\t\t\t<span  class=\"elementor-icon\">\n\t\t\t\t<i class=\"Array svg\" aria-hidden=\"true\"><\/i>\t\t\t\t<\/span>\n\t\t\t<\/div>\n\t\t\t\n\t\t\t\t\t\t<div class=\"elementor-icon-box-content\">\n\n\t\t\t\t\t\t\t\t\t<h3 class=\"elementor-icon-box-title\">\n\t\t\t\t\t\t<span  >\n\t\t\t\t\t\t\tSanitarna sje\u010da\t\t\t\t\t\t<\/span>\n\t\t\t\t\t<\/h3>\n\t\t\t\t\n\t\t\t\t\t\t\t\t\t<p class=\"elementor-icon-box-description\">\n\t\t\t\t\t\tKroz sanitarnu sje\u010du, otklanjamo bolesna, o\u0161te\u0107ena ili opasna stabla kako bismo spre\u010dili \u0161irenje bolesti ili smanjili rizik od \u0161umskih po\u017eara. \t\t\t\t\t<\/p>\n\t\t\t\t\n\t\t\t<\/div>\n\t\t\t\n\t\t<\/div>\n\t\t\t\t\t\t<\/div>\n\t\t\t\t<\/div>\n\t\t\t\t\t<\/div>\n\t\t<\/div>\n\t\t\t\t\t<\/div>\n\t\t<\/section>\n\t\t\t\t\t<\/div>\n\t\t<\/div>\n\t\t\t\t\t<\/div>\n\t\t<\/section>\n\t\t\t\t<section class=\"elementor-section elementor-top-section elementor-element elementor-element-7cec107 elementor-section-boxed elementor-section-height-default elementor-section-height-default\" data-id=\"7cec107\" data-element_type=\"section\">\n\t\t\t\t\t\t<div class=\"elementor-container elementor-column-gap-default\">\n\t\t\t\t\t<div class=\"elementor-column elementor-col-100 elementor-top-column elementor-element elementor-element-e5fa470\" data-id=\"e5fa470\" data-element_type=\"column\">\n\t\t\t<div class=\"elementor-widget-wrap elementor-element-populated\">\n\t\t\t\t<div class=\"elementor-element elementor-element-d0a3365 e-flex e-con-boxed e-con e-parent\" data-id=\"d0a3365\" data-element_type=\"container\">\n\t\t\t\t\t<div class=\"e-con-inner\">\n\t\t\t\t<div class=\"elementor-element elementor-element-fac2979 elementor-widget elementor-widget-image\" data-id=\"fac2979\" data-element_type=\"widget\" data-widget_type=\"image.default\">\n\t\t\t\t<div class=\"elementor-widget-container\">\n\t\t\t\t\t\t\t\t\t\t\t\t\t\t\t<img fetchpriority=\"high\" decoding=\"async\" width=\"600\" height=\"600\" src=\"https:\/\/uniotec.kraftadvisors.net\/wp-content\/uploads\/2024\/01\/izvlacenje4.jpg\" class=\"attachment-large size-large wp-image-8658\" alt=\"\" srcset=\"https:\/\/uniotec.kraftadvisors.net\/wp-content\/uploads\/2024\/01\/izvlacenje4.jpg 1000w, https:\/\/uniotec.kraftadvisors.net\/wp-content\/uploads\/2024\/01\/izvlacenje4-300x300.jpg 300w, https:\/\/uniotec.kraftadvisors.net\/wp-content\/uploads\/2024\/01\/izvlacenje4-150x150.jpg 150w, https:\/\/uniotec.kraftadvisors.net\/wp-content\/uploads\/2024\/01\/izvlacenje4-768x768.jpg 768w, https:\/\/uniotec.kraftadvisors.net\/wp-content\/uploads\/2024\/01\/izvlacenje4-12x12.jpg 12w, https:\/\/uniotec.kraftadvisors.net\/wp-content\/uploads\/2024\/01\/izvlacenje4-700x700.jpg 700w\" sizes=\"(max-width: 600px) 100vw, 600px\" \/>\t\t\t\t\t\t\t\t\t\t\t\t\t\t\t<\/div>\n\t\t\t\t<\/div>\n\t\t\t\t<div class=\"elementor-element elementor-element-df9d77e elementor-widget elementor-widget-image\" data-id=\"df9d77e\" data-element_type=\"widget\" data-widget_type=\"image.default\">\n\t\t\t\t<div class=\"elementor-widget-container\">\n\t\t\t\t\t\t\t\t\t\t\t\t\t\t\t<img decoding=\"async\" width=\"600\" height=\"600\" src=\"https:\/\/uniotec.kraftadvisors.net\/wp-content\/uploads\/2024\/01\/izvlacenje3.jpg\" class=\"attachment-large size-large wp-image-8659\" alt=\"\" srcset=\"https:\/\/uniotec.kraftadvisors.net\/wp-content\/uploads\/2024\/01\/izvlacenje3.jpg 1000w, https:\/\/uniotec.kraftadvisors.net\/wp-content\/uploads\/2024\/01\/izvlacenje3-300x300.jpg 300w, https:\/\/uniotec.kraftadvisors.net\/wp-content\/uploads\/2024\/01\/izvlacenje3-150x150.jpg 150w, https:\/\/uniotec.kraftadvisors.net\/wp-content\/uploads\/2024\/01\/izvlacenje3-768x768.jpg 768w, https:\/\/uniotec.kraftadvisors.net\/wp-content\/uploads\/2024\/01\/izvlacenje3-12x12.jpg 12w, https:\/\/uniotec.kraftadvisors.net\/wp-content\/uploads\/2024\/01\/izvlacenje3-700x700.jpg 700w\" sizes=\"(max-width: 600px) 100vw, 600px\" \/>\t\t\t\t\t\t\t\t\t\t\t\t\t\t\t<\/div>\n\t\t\t\t<\/div>\n\t\t\t\t<div class=\"elementor-element elementor-element-77405c7 elementor-widget elementor-widget-image\" data-id=\"77405c7\" data-element_type=\"widget\" data-widget_type=\"image.default\">\n\t\t\t\t<div class=\"elementor-widget-container\">\n\t\t\t\t\t\t\t\t\t\t\t\t\t\t\t<img decoding=\"async\" width=\"600\" height=\"600\" src=\"https:\/\/uniotec.kraftadvisors.net\/wp-content\/uploads\/2024\/01\/izvlacenje5.jpg\" class=\"attachment-large size-large wp-image-8657\" alt=\"\" srcset=\"https:\/\/uniotec.kraftadvisors.net\/wp-content\/uploads\/2024\/01\/izvlacenje5.jpg 1000w, https:\/\/uniotec.kraftadvisors.net\/wp-content\/uploads\/2024\/01\/izvlacenje5-300x300.jpg 300w, https:\/\/uniotec.kraftadvisors.net\/wp-content\/uploads\/2024\/01\/izvlacenje5-150x150.jpg 150w, https:\/\/uniotec.kraftadvisors.net\/wp-content\/uploads\/2024\/01\/izvlacenje5-768x768.jpg 768w, https:\/\/uniotec.kraftadvisors.net\/wp-content\/uploads\/2024\/01\/izvlacenje5-12x12.jpg 12w, https:\/\/uniotec.kraftadvisors.net\/wp-content\/uploads\/2024\/01\/izvlacenje5-700x700.jpg 700w\" sizes=\"(max-width: 600px) 100vw, 600px\" \/>\t\t\t\t\t\t\t\t\t\t\t\t\t\t\t<\/div>\n\t\t\t\t<\/div>\n\t\t\t\t\t<\/div>\n\t\t\t\t<\/div>\n\t\t\t\t<div class=\"elementor-element elementor-element-5e97331 elementor-widget__width-initial elementor-widget elementor-widget-text-editor\" data-id=\"5e97331\" data-element_type=\"widget\" data-widget_type=\"text-editor.default\">\n\t\t\t\t<div class=\"elementor-widget-container\">\n\t\t\t\t\t\t\t\t\t<p>Kroz pa\u017eljivo planiranje i primenu najnovijih tehnika, Uniotec sprovodi kontrolisanu sje\u010du kako bi se o\u010duvala struktura i funkcija \u0161uma. Na\u0161i stru\u010dnjaci pa\u017eljivo selektuju stabla za sje\u010du, vode\u0107i ra\u010duna o obnavljanju prirodnih procesa i o\u010duvanju biodiverziteta. Kontrolisana eksploatacija se odvija u skladu sa strogo definisanim principima o\u010duvanja, osiguravaju\u0107i da \u0161ume zadr\u017ee svoju vitalnost.<\/p><p>Svestrani spektar usluga koje pru\u017eamo na teritoriji Bosne i Hercegovine uklju\u010duje ne samo kontrolisanu eksploataciju \u0161uma ve\u0107 i \u0161irok dijapazon prate\u0107ih aktivnosti. Uniotec je u Lukavici, centralnom polo\u017eaju koji nam omogu\u0107ava da pru\u017eimo na\u0161e usluge \u0161irom ove prelepe zemlje. Sa visokim standardima i posve\u0107eno\u0161\u0107u kvalitetu, na\u0161 tim stru\u010dnjaka osigurava da se svaka faza eksploatacije sprovodi sa najvi\u0161im stepenom preciznosti i odgovornosti.<\/p><p>Kroz na\u0161u posve\u0107enost o\u010duvanju \u0161uma, ne samo da pru\u017eamo usluge eksploatacije ve\u0107 i promovi\u0161emo obnovu \u0161umskih podru\u010dja nakon intervencija. Na\u0161a filozofija se\u017ee dalje od samo eksploatacije \u2013 fokusiramo se na dugoro\u010dni oporavak i odr\u017eivost \u0161uma, aktivno doprinose\u0107i njihovom rastu i obnovi.<\/p><p>Uniotec posmatra kontrolisanu eksploataciju \u0161uma kao sastavni deo odgovornog upravljanja \u0161umskim resursima. Na\u0161a predanost o\u010duvanju \u0161uma i pru\u017eanju vrhunskih usluga na teritoriji Bosne i Hercegovine odra\u017eava na\u0161u \u017eelju da doprinesemo odr\u017eivom razvoju \u0161umskih podru\u010dja i da ostanemo pouzdani partner u o\u010duvanju prirodnih bogatstava ovog podneblja.<\/p>\t\t\t\t\t\t\t\t<\/div>\n\t\t\t\t<\/div>\n\t\t\t\t\t<\/div>\n\t\t<\/div>\n\t\t\t\t\t<\/div>\n\t\t<\/section>\n\t\t\t\t<section class=\"elementor-section elementor-top-section elementor-element elementor-element-1b13fc7 elementor-section-boxed elementor-section-height-default elementor-section-height-default\" data-id=\"1b13fc7\" data-element_type=\"section\">\n\t\t\t\t\t\t<div class=\"elementor-container elementor-column-gap-no\">\n\t\t\t\t\t<div class=\"elementor-column elementor-col-100 elementor-top-column elementor-element elementor-element-9b71f89\" data-id=\"9b71f89\" data-element_type=\"column\">\n\t\t\t<div class=\"elementor-widget-wrap\">\n\t\t\t\t\t\t\t<\/div>\n\t\t<\/div>\n\t\t\t\t\t<\/div>\n\t\t<\/section>\n\t\t\t\t<section class=\"elementor-section elementor-top-section elementor-element elementor-element-c5ba4ac elementor-section-boxed elementor-section-height-default elementor-section-height-default\" data-id=\"c5ba4ac\" data-element_type=\"section\">\n\t\t\t\t\t\t<div class=\"elementor-container elementor-column-gap-no\">\n\t\t\t\t\t<div class=\"elementor-column elementor-col-50 elementor-top-column elementor-element elementor-element-696cf4e\" data-id=\"696cf4e\" data-element_type=\"column\">\n\t\t\t<div class=\"elementor-widget-wrap elementor-element-populated\">\n\t\t\t\t\t\t<div class=\"elementor-element elementor-element-bf012a2 animated-fast elementor-invisible elementor-widget elementor-widget-heading\" data-id=\"bf012a2\" data-element_type=\"widget\" data-settings=\"{&quot;_animation&quot;:&quot;opal-move-up&quot;,&quot;_animation_delay&quot;:150}\" data-widget_type=\"heading.default\">\n\t\t\t\t<div class=\"elementor-widget-container\">\n\t\t\t\t\t<h2 class=\"elementor-heading-title elementor-size-default\">Potrebne su vam usluge eksploatacije drva?<\/h2>\t\t\t\t<\/div>\n\t\t\t\t<\/div>\n\t\t\t\t\t<\/div>\n\t\t<\/div>\n\t\t\t\t<div class=\"elementor-column elementor-col-50 elementor-top-column elementor-element elementor-element-1fc7b29 animated-fast elementor-invisible\" data-id=\"1fc7b29\" data-element_type=\"column\" data-settings=\"{&quot;animation&quot;:&quot;opal-move-up&quot;}\">\n\t\t\t<div class=\"elementor-widget-wrap elementor-element-populated\">\n\t\t\t\t\t\t<div class=\"elementor-element elementor-element-ff077a1 elementor-widget elementor-widget-text-editor\" data-id=\"ff077a1\" data-element_type=\"widget\" data-widget_type=\"text-editor.default\">\n\t\t\t\t<div class=\"elementor-widget-container\">\n\t\t\t\t\t\t\t\t\t<p>Kontaktirajte nas putem :<\/p>\t\t\t\t\t\t\t\t<\/div>\n\t\t\t\t<\/div>\n\t\t\t\t<div class=\"elementor-element elementor-element-eda5e01 elementor-position-left animated-fast elementor-vertical-align-top elementor-invisible elementor-widget elementor-widget-image-box\" data-id=\"eda5e01\" data-element_type=\"widget\" data-settings=\"{&quot;_animation&quot;:&quot;opal-move-up&quot;}\" data-widget_type=\"image-box.default\">\n\t\t\t\t<div class=\"elementor-widget-container\">\n\t\t\t\t\t<div class=\"elementor-image-box-wrapper\"><figure class=\"elementor-image-box-img\"><a href=\"#\" tabindex=\"-1\"><img decoding=\"async\" src=\"https:\/\/uniotec.kraftadvisors.net\/wp-content\/uploads\/elementor\/thumbs\/about-leader-3-qg6kuqnhm6zqi2d4zrdnj4vujblyxmqh7xx8vx9sto.jpg\" title=\"about-leader-3\" alt=\"about-leader-3\" loading=\"lazy\" \/><\/a><\/figure><div class=\"elementor-image-box-content\"><h3 class=\"elementor-image-box-title\"><a href=\"#\">Facebook<\/a><\/h3><\/div><\/div>\t\t\t\t<\/div>\n\t\t\t\t<\/div>\n\t\t\t\t<div class=\"elementor-element elementor-element-601466e elementor-position-left animated-fast elementor-vertical-align-top elementor-invisible elementor-widget elementor-widget-image-box\" data-id=\"601466e\" data-element_type=\"widget\" data-settings=\"{&quot;_animation&quot;:&quot;opal-move-up&quot;}\" data-widget_type=\"image-box.default\">\n\t\t\t\t<div class=\"elementor-widget-container\">\n\t\t\t\t\t<div class=\"elementor-image-box-wrapper\"><figure class=\"elementor-image-box-img\"><a href=\"#\" tabindex=\"-1\"><img decoding=\"async\" src=\"https:\/\/uniotec.kraftadvisors.net\/wp-content\/uploads\/elementor\/thumbs\/about-leader-5-qg6kuqnhm6zqi2d4zrdnj4vujblyxmqh7xx8vx9sto.jpg\" title=\"about-leader-5\" alt=\"about-leader-5\" loading=\"lazy\" \/><\/a><\/figure><div class=\"elementor-image-box-content\"><h3 class=\"elementor-image-box-title\"><a href=\"#\">Instagram<\/a><\/h3><\/div><\/div>\t\t\t\t<\/div>\n\t\t\t\t<\/div>\n\t\t\t\t<div class=\"elementor-element elementor-element-b17d6e7 elementor-position-left animated-fast elementor-vertical-align-top elementor-invisible elementor-widget elementor-widget-image-box\" data-id=\"b17d6e7\" data-element_type=\"widget\" data-settings=\"{&quot;_animation&quot;:&quot;opal-move-up&quot;}\" data-widget_type=\"image-box.default\">\n\t\t\t\t<div class=\"elementor-widget-container\">\n\t\t\t\t\t<div class=\"elementor-image-box-wrapper\"><figure class=\"elementor-image-box-img\"><a href=\"#\" tabindex=\"-1\"><img decoding=\"async\" src=\"https:\/\/uniotec.kraftadvisors.net\/wp-content\/uploads\/elementor\/thumbs\/about-leader-4-qg6kuqnhm6zqi2d4zrdnj4vujblyxmqh7xx8vx9sto.jpg\" title=\"about-leader-4\" alt=\"about-leader-4\" loading=\"lazy\" \/><\/a><\/figure><div class=\"elementor-image-box-content\"><h3 class=\"elementor-image-box-title\"><a href=\"#\">Linkedin<\/a><\/h3><\/div><\/div>\t\t\t\t<\/div>\n\t\t\t\t<\/div>\n\t\t\t\t<div class=\"elementor-element elementor-element-5330170 elementor-position-left animated-fast elementor-vertical-align-top elementor-invisible elementor-widget elementor-widget-image-box\" data-id=\"5330170\" data-element_type=\"widget\" data-settings=\"{&quot;_animation&quot;:&quot;opal-move-up&quot;}\" data-widget_type=\"image-box.default\">\n\t\t\t\t<div class=\"elementor-widget-container\">\n\t\t\t\t\t<div class=\"elementor-image-box-wrapper\"><figure class=\"elementor-image-box-img\"><a href=\"#\" tabindex=\"-1\"><img decoding=\"async\" src=\"https:\/\/uniotec.kraftadvisors.net\/wp-content\/uploads\/elementor\/thumbs\/about-leader-4-qg6kuqnhm6zqi2d4zrdnj4vujblyxmqh7xx8vx9sto.jpg\" title=\"about-leader-4\" alt=\"about-leader-4\" loading=\"lazy\" \/><\/a><\/figure><div class=\"elementor-image-box-content\"><h3 class=\"elementor-image-box-title\"><a href=\"#\">Whatsapp<\/a><\/h3><\/div><\/div>\t\t\t\t<\/div>\n\t\t\t\t<\/div>\n\t\t\t\t\t<\/div>\n\t\t<\/div>\n\t\t\t\t\t<\/div>\n\t\t<\/section>\n\t\t\t\t<\/div>","protected":false},"excerpt":{"rendered":"<p>EKSPLOATACIJA \u0160UME UNIOTEC Uniotec, kao \u0161umsko preduze\u0107e, posve\u0107eno je kontrolisanoj eksploataciji \u0161uma koja osigurava odr\u017eivost i dugoro\u010dno zdravlje \u0161umskih resursa u Bosni i Hercegovini. Na\u0161a posve\u0107enost preciznom i odgovornom pristupu eksploataciji \u0161uma proisti\u010de iz dubokog po\u0161tovanja prema prirodi i \u017eelje da o\u010duvamo \u0161umske ekosisteme za budu\u0107e generacije. Selektivna sje\u010da Na\u0161a selektivna sje\u010da podrazumeva precizno odabranu &hellip; <\/p>\n<p class=\"link-more\"><a href=\"https:\/\/uniotec.kraftadvisors.net\/bs\/eksploatacija-sume\/\" class=\"more-link\">Read More <span class=\"screen-reader-text\"> &#8222;Eksploatacija \u0161ume&#8220;<\/span><\/a><\/p>","protected":false},"author":1,"featured_media":0,"parent":0,"menu_order":0,"comment_status":"closed","ping_status":"closed","template":"","meta":{"inline_featured_image":false,"footnotes":""},"_links":{"self":[{"href":"https:\/\/uniotec.kraftadvisors.net\/bs\/wp-json\/wp\/v2\/pages\/8481"}],"collection":[{"href":"https:\/\/uniotec.kraftadvisors.net\/bs\/wp-json\/wp\/v2\/pages"}],"about":[{"href":"https:\/\/uniotec.kraftadvisors.net\/bs\/wp-json\/wp\/v2\/types\/page"}],"author":[{"embeddable":true,"href":"https:\/\/uniotec.kraftadvisors.net\/bs\/wp-json\/wp\/v2\/users\/1"}],"replies":[{"embeddable":true,"href":"https:\/\/uniotec.kraftadvisors.net\/bs\/wp-json\/wp\/v2\/comments?post=8481"}],"version-history":[{"count":13,"href":"https:\/\/uniotec.kraftadvisors.net\/bs\/wp-json\/wp\/v2\/pages\/8481\/revisions"}],"predecessor-version":[{"id":8891,"href":"https:\/\/uniotec.kraftadvisors.net\/bs\/wp-json\/wp\/v2\/pages\/8481\/revisions\/8891"}],"wp:attachment":[{"href":"https:\/\/uniotec.kraftadvisors.net\/bs\/wp-json\/wp\/v2\/media?parent=8481"}],"curies":[{"name":"wp","href":"https:\/\/api.w.org\/{rel}","templated":true}]}}