{"id":8491,"date":"2023-12-22T10:28:14","date_gmt":"2023-12-22T10:28:14","guid":{"rendered":"https:\/\/uniotec.kraftadvisors.net\/?page_id=8491"},"modified":"2024-01-15T16:10:42","modified_gmt":"2024-01-15T16:10:42","slug":"transport-sume","status":"publish","type":"page","link":"https:\/\/uniotec.kraftadvisors.net\/bs\/transport-sume\/","title":{"rendered":"Transport \u0161ume"},"content":{"rendered":"<div data-elementor-type=\"wp-page\" data-elementor-id=\"8491\" class=\"elementor elementor-8491\">\n\t\t\t\t\t\t<section class=\"elementor-section elementor-top-section elementor-element elementor-element-57e541d elementor-section-stretched elementor-section-boxed elementor-section-height-default elementor-section-height-default\" data-id=\"57e541d\" data-element_type=\"section\" data-settings=\"{&quot;stretch_section&quot;:&quot;section-stretched&quot;,&quot;background_background&quot;:&quot;classic&quot;}\">\n\t\t\t\t\t\t<div class=\"elementor-container elementor-column-gap-no\">\n\t\t\t\t\t<div class=\"elementor-column elementor-col-100 elementor-top-column elementor-element elementor-element-f460af8\" data-id=\"f460af8\" data-element_type=\"column\">\n\t\t\t<div class=\"elementor-widget-wrap elementor-element-populated\">\n\t\t\t\t\t\t<section class=\"elementor-section elementor-inner-section elementor-element elementor-element-82745e4 elementor-section-boxed elementor-section-height-default elementor-section-height-default\" data-id=\"82745e4\" data-element_type=\"section\">\n\t\t\t\t\t\t<div class=\"elementor-container elementor-column-gap-no\">\n\t\t\t\t\t<div class=\"elementor-column elementor-col-100 elementor-inner-column elementor-element elementor-element-bda2319\" data-id=\"bda2319\" data-element_type=\"column\">\n\t\t\t<div class=\"elementor-widget-wrap elementor-element-populated\">\n\t\t\t\t\t\t<div class=\"elementor-element elementor-element-7e5a688 animated-fast elementor-invisible elementor-widget elementor-widget-heading\" data-id=\"7e5a688\" data-element_type=\"widget\" data-settings=\"{&quot;_animation&quot;:&quot;opal-move-up&quot;}\" data-widget_type=\"heading.default\">\n\t\t\t\t<div class=\"elementor-widget-container\">\n\t\t\t\t\t<h1 class=\"elementor-heading-title elementor-size-default\">TRANSPORT \u0160UME<\/h1>\t\t\t\t<\/div>\n\t\t\t\t<\/div>\n\t\t\t\t<div class=\"elementor-element elementor-element-39f72bf elementor-widget elementor-widget-heading\" data-id=\"39f72bf\" data-element_type=\"widget\" data-widget_type=\"heading.default\">\n\t\t\t\t<div class=\"elementor-widget-container\">\n\t\t\t\t\t<h3 class=\"elementor-heading-title elementor-size-default\">UNIOTEC<\/h3>\t\t\t\t<\/div>\n\t\t\t\t<\/div>\n\t\t\t\t<div class=\"elementor-element elementor-element-9e6be5b animated-fast elementor-invisible elementor-widget elementor-widget-text-editor\" data-id=\"9e6be5b\" data-element_type=\"widget\" data-settings=\"{&quot;_animation&quot;:&quot;opal-move-up&quot;}\" data-widget_type=\"text-editor.default\">\n\t\t\t\t<div class=\"elementor-widget-container\">\n\t\t\t\t\t\t\t\t\t<p>Transport drva je klju\u010dni deo lanca vrednosti u \u0161umarstvu, a Uniotec pru\u017ea izuzetno efikasne usluge transporta drva na teritoriji Bosne i Hercegovine. Na\u0161a predanost pru\u017eanju visokokvalitetnih usluga odra\u017eava se u svakom koraku procesa transporta, gde se pa\u017eljivo planiranje, stru\u010dnost i preciznost spajaju kako bi se obezbedila optimalna distribucija drvnih resursa.<\/p>\t\t\t\t\t\t\t\t<\/div>\n\t\t\t\t<\/div>\n\t\t\t\t\t<\/div>\n\t\t<\/div>\n\t\t\t\t\t<\/div>\n\t\t<\/section>\n\t\t\t\t<section class=\"elementor-section elementor-inner-section elementor-element elementor-element-ecb45c9 elementor-section-boxed elementor-section-height-default elementor-section-height-default\" data-id=\"ecb45c9\" data-element_type=\"section\">\n\t\t\t\t\t\t<div class=\"elementor-container elementor-column-gap-no\">\n\t\t\t\t\t<div class=\"elementor-column elementor-col-50 elementor-inner-column elementor-element elementor-element-b73e938\" data-id=\"b73e938\" data-element_type=\"column\">\n\t\t\t<div class=\"elementor-widget-wrap elementor-element-populated\">\n\t\t\t\t\t\t<div class=\"elementor-element elementor-element-dd7d9f0 animated-fast elementor-view-default elementor-position-top elementor-mobile-position-top elementor-invisible elementor-widget elementor-widget-icon-box\" data-id=\"dd7d9f0\" data-element_type=\"widget\" data-settings=\"{&quot;_animation&quot;:&quot;opal-move-up&quot;}\" data-widget_type=\"icon-box.default\">\n\t\t\t\t<div class=\"elementor-widget-container\">\n\t\t\t\t\t\t\t<div class=\"elementor-icon-box-wrapper\">\n\n\t\t\t\t\t\t<div class=\"elementor-icon-box-icon\">\n\t\t\t\t<span  class=\"elementor-icon\">\n\t\t\t\t<i class=\"Array svg\" aria-hidden=\"true\"><\/i>\t\t\t\t<\/span>\n\t\t\t<\/div>\n\t\t\t\n\t\t\t\t\t\t<div class=\"elementor-icon-box-content\">\n\n\t\t\t\t\t\t\t\t\t<h3 class=\"elementor-icon-box-title\">\n\t\t\t\t\t\t<span  >\n\t\t\t\t\t\t\tEfikasnost logistike\t\t\t\t\t\t<\/span>\n\t\t\t\t\t<\/h3>\n\t\t\t\t\n\t\t\t\t\t\t\t\t\t<p class=\"elementor-icon-box-description\">\n\t\t\t\t\t\tKroz pa\u017eljivo planiranje ruta i optimalno iskori\u0161\u0107enje resursa, obezbe\u0111ujemo da se drvo transportuje efikasno i ekonomi\u010dno.\t\t\t\t\t<\/p>\n\t\t\t\t\n\t\t\t<\/div>\n\t\t\t\n\t\t<\/div>\n\t\t\t\t\t\t<\/div>\n\t\t\t\t<\/div>\n\t\t\t\t<div class=\"elementor-element elementor-element-4e1c004 animated-fast elementor-view-default elementor-position-top elementor-mobile-position-top elementor-invisible elementor-widget elementor-widget-icon-box\" data-id=\"4e1c004\" data-element_type=\"widget\" data-settings=\"{&quot;_animation&quot;:&quot;opal-move-up&quot;}\" data-widget_type=\"icon-box.default\">\n\t\t\t\t<div class=\"elementor-widget-container\">\n\t\t\t\t\t\t\t<div class=\"elementor-icon-box-wrapper\">\n\n\t\t\t\t\t\t<div class=\"elementor-icon-box-icon\">\n\t\t\t\t<span  class=\"elementor-icon\">\n\t\t\t\t<i class=\"Array svg\" aria-hidden=\"true\"><\/i>\t\t\t\t<\/span>\n\t\t\t<\/div>\n\t\t\t\n\t\t\t\t\t\t<div class=\"elementor-icon-box-content\">\n\n\t\t\t\t\t\t\t\t\t<h3 class=\"elementor-icon-box-title\">\n\t\t\t\t\t\t<span  >\n\t\t\t\t\t\t\tPrilagodljivost usluge\t\t\t\t\t\t<\/span>\n\t\t\t\t\t<\/h3>\n\t\t\t\t\n\t\t\t\t\t\t\t\t\t<p class=\"elementor-icon-box-description\">\n\t\t\t\t\t\tBez obzira na vrstu drvnog materijala ili specifi\u010dne zahteve transporta, na\u0161a usluga se prilago\u0111ava kako bi se zadovoljile individualne potrebe svakog projekta.\t\t\t\t\t<\/p>\n\t\t\t\t\n\t\t\t<\/div>\n\t\t\t\n\t\t<\/div>\n\t\t\t\t\t\t<\/div>\n\t\t\t\t<\/div>\n\t\t\t\t\t<\/div>\n\t\t<\/div>\n\t\t\t\t<div class=\"elementor-column elementor-col-50 elementor-inner-column elementor-element elementor-element-33226b4\" data-id=\"33226b4\" data-element_type=\"column\">\n\t\t\t<div class=\"elementor-widget-wrap elementor-element-populated\">\n\t\t\t\t\t\t<div class=\"elementor-element elementor-element-40c53a7 animated-fast elementor-view-default elementor-position-top elementor-mobile-position-top elementor-invisible elementor-widget elementor-widget-icon-box\" data-id=\"40c53a7\" data-element_type=\"widget\" data-settings=\"{&quot;_animation&quot;:&quot;opal-move-up&quot;,&quot;_animation_delay&quot;:150}\" data-widget_type=\"icon-box.default\">\n\t\t\t\t<div class=\"elementor-widget-container\">\n\t\t\t\t\t\t\t<div class=\"elementor-icon-box-wrapper\">\n\n\t\t\t\t\t\t<div class=\"elementor-icon-box-icon\">\n\t\t\t\t<span  class=\"elementor-icon\">\n\t\t\t\t<i class=\"Array svg\" aria-hidden=\"true\"><\/i>\t\t\t\t<\/span>\n\t\t\t<\/div>\n\t\t\t\n\t\t\t\t\t\t<div class=\"elementor-icon-box-content\">\n\n\t\t\t\t\t\t\t\t\t<h3 class=\"elementor-icon-box-title\">\n\t\t\t\t\t\t<span  >\n\t\t\t\t\t\t\tTehni\u010dka prilago\u0111enost vozila\t\t\t\t\t\t<\/span>\n\t\t\t\t\t<\/h3>\n\t\t\t\t\n\t\t\t\t\t\t\t\t\t<p class=\"elementor-icon-box-description\">\n\t\t\t\t\t\tNa\u0161a vozila su tehni\u010dki opremljena kako bi se osigurala sigurnost i minimalni uticaj na okolinu prilikom prevoza drvnih materijala na teritoriji Bosne i Hercegovine.\t\t\t\t\t<\/p>\n\t\t\t\t\n\t\t\t<\/div>\n\t\t\t\n\t\t<\/div>\n\t\t\t\t\t\t<\/div>\n\t\t\t\t<\/div>\n\t\t\t\t<div class=\"elementor-element elementor-element-85f9abe animated-fast elementor-view-default elementor-position-top elementor-mobile-position-top elementor-invisible elementor-widget elementor-widget-icon-box\" data-id=\"85f9abe\" data-element_type=\"widget\" data-settings=\"{&quot;_animation&quot;:&quot;opal-move-up&quot;,&quot;_animation_delay&quot;:300}\" data-widget_type=\"icon-box.default\">\n\t\t\t\t<div class=\"elementor-widget-container\">\n\t\t\t\t\t\t\t<div class=\"elementor-icon-box-wrapper\">\n\n\t\t\t\t\t\t<div class=\"elementor-icon-box-icon\">\n\t\t\t\t<span  class=\"elementor-icon\">\n\t\t\t\t<i class=\"Array svg\" aria-hidden=\"true\"><\/i>\t\t\t\t<\/span>\n\t\t\t<\/div>\n\t\t\t\n\t\t\t\t\t\t<div class=\"elementor-icon-box-content\">\n\n\t\t\t\t\t\t\t\t\t<h3 class=\"elementor-icon-box-title\">\n\t\t\t\t\t\t<span  >\n\t\t\t\t\t\t\tEkolo\u0161ka odgovornost\t\t\t\t\t\t<\/span>\n\t\t\t\t\t<\/h3>\n\t\t\t\t\n\t\t\t\t\t\t\t\t\t<p class=\"elementor-icon-box-description\">\n\t\t\t\t\t\tUniotec se fokusira na odr\u017eivi transport drva, te prilago\u0111ava logistiku transporta kako bi se smanjila emisija gasova sa efektom staklene ba\u0161te i o\u010duvao integritet \u0161umskih podru\u010dja.\t\t\t\t\t<\/p>\n\t\t\t\t\n\t\t\t<\/div>\n\t\t\t\n\t\t<\/div>\n\t\t\t\t\t\t<\/div>\n\t\t\t\t<\/div>\n\t\t\t\t\t<\/div>\n\t\t<\/div>\n\t\t\t\t\t<\/div>\n\t\t<\/section>\n\t\t\t\t\t<\/div>\n\t\t<\/div>\n\t\t\t\t\t<\/div>\n\t\t<\/section>\n\t\t\t\t<section class=\"elementor-section elementor-top-section elementor-element elementor-element-7cec107 elementor-section-boxed elementor-section-height-default elementor-section-height-default\" data-id=\"7cec107\" data-element_type=\"section\">\n\t\t\t\t\t\t<div class=\"elementor-container elementor-column-gap-default\">\n\t\t\t\t\t<div class=\"elementor-column elementor-col-100 elementor-top-column elementor-element elementor-element-e5fa470\" data-id=\"e5fa470\" data-element_type=\"column\">\n\t\t\t<div class=\"elementor-widget-wrap elementor-element-populated\">\n\t\t\t\t<div class=\"elementor-element elementor-element-d0a3365 e-flex e-con-boxed e-con e-parent\" data-id=\"d0a3365\" data-element_type=\"container\">\n\t\t\t\t\t<div class=\"e-con-inner\">\n\t\t\t\t<div class=\"elementor-element elementor-element-fac2979 elementor-widget elementor-widget-image\" data-id=\"fac2979\" data-element_type=\"widget\" data-widget_type=\"image.default\">\n\t\t\t\t<div class=\"elementor-widget-container\">\n\t\t\t\t\t\t\t\t\t\t\t\t\t\t\t<img fetchpriority=\"high\" decoding=\"async\" width=\"600\" height=\"600\" src=\"https:\/\/uniotec.kraftadvisors.net\/wp-content\/uploads\/2024\/01\/prevoz1.jpg\" class=\"attachment-large size-large wp-image-8668\" alt=\"\" srcset=\"https:\/\/uniotec.kraftadvisors.net\/wp-content\/uploads\/2024\/01\/prevoz1.jpg 1000w, https:\/\/uniotec.kraftadvisors.net\/wp-content\/uploads\/2024\/01\/prevoz1-300x300.jpg 300w, https:\/\/uniotec.kraftadvisors.net\/wp-content\/uploads\/2024\/01\/prevoz1-150x150.jpg 150w, https:\/\/uniotec.kraftadvisors.net\/wp-content\/uploads\/2024\/01\/prevoz1-768x768.jpg 768w, https:\/\/uniotec.kraftadvisors.net\/wp-content\/uploads\/2024\/01\/prevoz1-12x12.jpg 12w, https:\/\/uniotec.kraftadvisors.net\/wp-content\/uploads\/2024\/01\/prevoz1-700x700.jpg 700w\" sizes=\"(max-width: 600px) 100vw, 600px\" \/>\t\t\t\t\t\t\t\t\t\t\t\t\t\t\t<\/div>\n\t\t\t\t<\/div>\n\t\t\t\t<div class=\"elementor-element elementor-element-df9d77e elementor-widget elementor-widget-image\" data-id=\"df9d77e\" data-element_type=\"widget\" data-widget_type=\"image.default\">\n\t\t\t\t<div class=\"elementor-widget-container\">\n\t\t\t\t\t\t\t\t\t\t\t\t\t\t\t<img decoding=\"async\" width=\"600\" height=\"600\" src=\"https:\/\/uniotec.kraftadvisors.net\/wp-content\/uploads\/2024\/01\/prevoz3.jpg\" class=\"attachment-large size-large wp-image-8666\" alt=\"\" srcset=\"https:\/\/uniotec.kraftadvisors.net\/wp-content\/uploads\/2024\/01\/prevoz3.jpg 1000w, https:\/\/uniotec.kraftadvisors.net\/wp-content\/uploads\/2024\/01\/prevoz3-300x300.jpg 300w, https:\/\/uniotec.kraftadvisors.net\/wp-content\/uploads\/2024\/01\/prevoz3-150x150.jpg 150w, https:\/\/uniotec.kraftadvisors.net\/wp-content\/uploads\/2024\/01\/prevoz3-768x768.jpg 768w, https:\/\/uniotec.kraftadvisors.net\/wp-content\/uploads\/2024\/01\/prevoz3-12x12.jpg 12w, https:\/\/uniotec.kraftadvisors.net\/wp-content\/uploads\/2024\/01\/prevoz3-700x700.jpg 700w\" sizes=\"(max-width: 600px) 100vw, 600px\" \/>\t\t\t\t\t\t\t\t\t\t\t\t\t\t\t<\/div>\n\t\t\t\t<\/div>\n\t\t\t\t<div class=\"elementor-element elementor-element-77405c7 elementor-widget elementor-widget-image\" data-id=\"77405c7\" data-element_type=\"widget\" data-widget_type=\"image.default\">\n\t\t\t\t<div class=\"elementor-widget-container\">\n\t\t\t\t\t\t\t\t\t\t\t\t\t\t\t<img decoding=\"async\" width=\"600\" height=\"600\" src=\"https:\/\/uniotec.kraftadvisors.net\/wp-content\/uploads\/2024\/01\/prevoz2.jpg\" class=\"attachment-large size-large wp-image-8667\" alt=\"\" srcset=\"https:\/\/uniotec.kraftadvisors.net\/wp-content\/uploads\/2024\/01\/prevoz2.jpg 1000w, https:\/\/uniotec.kraftadvisors.net\/wp-content\/uploads\/2024\/01\/prevoz2-300x300.jpg 300w, https:\/\/uniotec.kraftadvisors.net\/wp-content\/uploads\/2024\/01\/prevoz2-150x150.jpg 150w, https:\/\/uniotec.kraftadvisors.net\/wp-content\/uploads\/2024\/01\/prevoz2-768x768.jpg 768w, https:\/\/uniotec.kraftadvisors.net\/wp-content\/uploads\/2024\/01\/prevoz2-12x12.jpg 12w, https:\/\/uniotec.kraftadvisors.net\/wp-content\/uploads\/2024\/01\/prevoz2-700x700.jpg 700w\" sizes=\"(max-width: 600px) 100vw, 600px\" \/>\t\t\t\t\t\t\t\t\t\t\t\t\t\t\t<\/div>\n\t\t\t\t<\/div>\n\t\t\t\t\t<\/div>\n\t\t\t\t<\/div>\n\t\t\t\t<div class=\"elementor-element elementor-element-5e97331 elementor-widget__width-initial elementor-widget elementor-widget-text-editor\" data-id=\"5e97331\" data-element_type=\"widget\" data-widget_type=\"text-editor.default\">\n\t\t\t\t<div class=\"elementor-widget-container\">\n\t\t\t\t\t\t\t\t\t<p>Koristimo najsavremeniju tehnologiju i logisti\u010dke pristupe kako bismo obezbedili efikasnost u transportu drva iz \u0161uma do odredi\u0161ta. Na\u0161a vozila su pa\u017eljivo odr\u017eavana i prilago\u0111ena za prevoz drvnih materijala uz minimalan uticaj na okolinu, \u010dime se garantuje integritet \u0161uma kroz celokupan proces transporta.<\/p><p>Uniotec se ponosi svojom sposobno\u0161\u0107u da prilagodi transportne procese specifi\u010dnim zahtevima klijenata. Bez obzira da li se radi o prevozu sirovog drveta, obra\u0111enih drvnih proizvoda ili biomase, na\u0161a usluga transporta pru\u017ea pouzdanost i efikasnost u ispunjavanju potreba na\u0161ih klijenata.<\/p><p>Na\u0161 tim stru\u010dnjaka je obu\u010den da efikasno upravlja procesima utovara, transporta i istovara drvnih materijala. Spremnost da odgovorimo na specifi\u010dne zahteve projekata i da prilagodimo transportnu logistiku svakom pojedina\u010dnom scenariju je ono \u0161to nas \u010dini liderima u oblasti transporta drva na lokalnom tr\u017ei\u0161tu.<\/p><p>Kroz na\u0161u uslugu transporta drva, Uniotec ne samo \u0161to obezbe\u0111uje siguran prevoz, ve\u0107 tako\u0111e podr\u017eava odr\u017eivo upravljanje \u0161umama. Odr\u017eivost je klju\u010dna komponenta na\u0161eg poslovanja, te se na\u0161 transportni proces prilago\u0111ava kako bi se minimizirao ekolo\u0161ki uticaj, istovremeno osiguravaju\u0107i da se drveni resursi prevoze na efikasan i odgovoran na\u010din.<\/p>\t\t\t\t\t\t\t\t<\/div>\n\t\t\t\t<\/div>\n\t\t\t\t\t<\/div>\n\t\t<\/div>\n\t\t\t\t\t<\/div>\n\t\t<\/section>\n\t\t\t\t<section class=\"elementor-section elementor-top-section elementor-element elementor-element-1b13fc7 elementor-section-boxed elementor-section-height-default elementor-section-height-default\" data-id=\"1b13fc7\" data-element_type=\"section\">\n\t\t\t\t\t\t<div class=\"elementor-container elementor-column-gap-no\">\n\t\t\t\t\t<div class=\"elementor-column elementor-col-100 elementor-top-column elementor-element elementor-element-9b71f89\" data-id=\"9b71f89\" data-element_type=\"column\">\n\t\t\t<div class=\"elementor-widget-wrap\">\n\t\t\t\t\t\t\t<\/div>\n\t\t<\/div>\n\t\t\t\t\t<\/div>\n\t\t<\/section>\n\t\t\t\t<section class=\"elementor-section elementor-top-section elementor-element elementor-element-c5ba4ac elementor-section-boxed elementor-section-height-default elementor-section-height-default\" data-id=\"c5ba4ac\" data-element_type=\"section\">\n\t\t\t\t\t\t<div class=\"elementor-container elementor-column-gap-no\">\n\t\t\t\t\t<div class=\"elementor-column elementor-col-50 elementor-top-column elementor-element elementor-element-696cf4e\" data-id=\"696cf4e\" data-element_type=\"column\">\n\t\t\t<div class=\"elementor-widget-wrap elementor-element-populated\">\n\t\t\t\t\t\t<div class=\"elementor-element elementor-element-bf012a2 animated-fast elementor-invisible elementor-widget elementor-widget-heading\" data-id=\"bf012a2\" data-element_type=\"widget\" data-settings=\"{&quot;_animation&quot;:&quot;opal-move-up&quot;,&quot;_animation_delay&quot;:150}\" data-widget_type=\"heading.default\">\n\t\t\t\t<div class=\"elementor-widget-container\">\n\t\t\t\t\t<h2 class=\"elementor-heading-title elementor-size-default\">Potrebne su vam usluge transporta?<\/h2>\t\t\t\t<\/div>\n\t\t\t\t<\/div>\n\t\t\t\t\t<\/div>\n\t\t<\/div>\n\t\t\t\t<div class=\"elementor-column elementor-col-50 elementor-top-column elementor-element elementor-element-1fc7b29 animated-fast elementor-invisible\" data-id=\"1fc7b29\" data-element_type=\"column\" data-settings=\"{&quot;animation&quot;:&quot;opal-move-up&quot;}\">\n\t\t\t<div class=\"elementor-widget-wrap elementor-element-populated\">\n\t\t\t\t\t\t<div class=\"elementor-element elementor-element-ff077a1 elementor-widget elementor-widget-text-editor\" data-id=\"ff077a1\" data-element_type=\"widget\" data-widget_type=\"text-editor.default\">\n\t\t\t\t<div class=\"elementor-widget-container\">\n\t\t\t\t\t\t\t\t\t<p>Kontaktirajte nas putem :<\/p>\t\t\t\t\t\t\t\t<\/div>\n\t\t\t\t<\/div>\n\t\t\t\t<div class=\"elementor-element elementor-element-eda5e01 elementor-position-left animated-fast elementor-vertical-align-top elementor-invisible elementor-widget elementor-widget-image-box\" data-id=\"eda5e01\" data-element_type=\"widget\" data-settings=\"{&quot;_animation&quot;:&quot;opal-move-up&quot;}\" data-widget_type=\"image-box.default\">\n\t\t\t\t<div class=\"elementor-widget-container\">\n\t\t\t\t\t<div class=\"elementor-image-box-wrapper\"><figure class=\"elementor-image-box-img\"><a href=\"#\" tabindex=\"-1\"><img decoding=\"async\" src=\"https:\/\/uniotec.kraftadvisors.net\/wp-content\/uploads\/elementor\/thumbs\/about-leader-3-qg6kuqnhm6zqi2d4zrdnj4vujblyxmqh7xx8vx9sto.jpg\" title=\"about-leader-3\" alt=\"about-leader-3\" loading=\"lazy\" \/><\/a><\/figure><div class=\"elementor-image-box-content\"><h3 class=\"elementor-image-box-title\"><a href=\"#\">Facebook<\/a><\/h3><\/div><\/div>\t\t\t\t<\/div>\n\t\t\t\t<\/div>\n\t\t\t\t<div class=\"elementor-element elementor-element-601466e elementor-position-left animated-fast elementor-vertical-align-top elementor-invisible elementor-widget elementor-widget-image-box\" data-id=\"601466e\" data-element_type=\"widget\" data-settings=\"{&quot;_animation&quot;:&quot;opal-move-up&quot;}\" data-widget_type=\"image-box.default\">\n\t\t\t\t<div class=\"elementor-widget-container\">\n\t\t\t\t\t<div class=\"elementor-image-box-wrapper\"><figure class=\"elementor-image-box-img\"><a href=\"#\" tabindex=\"-1\"><img decoding=\"async\" src=\"https:\/\/uniotec.kraftadvisors.net\/wp-content\/uploads\/elementor\/thumbs\/about-leader-5-qg6kuqnhm6zqi2d4zrdnj4vujblyxmqh7xx8vx9sto.jpg\" title=\"about-leader-5\" alt=\"about-leader-5\" loading=\"lazy\" \/><\/a><\/figure><div class=\"elementor-image-box-content\"><h3 class=\"elementor-image-box-title\"><a href=\"#\">Instagram<\/a><\/h3><\/div><\/div>\t\t\t\t<\/div>\n\t\t\t\t<\/div>\n\t\t\t\t<div class=\"elementor-element elementor-element-b17d6e7 elementor-position-left animated-fast elementor-vertical-align-top elementor-invisible elementor-widget elementor-widget-image-box\" data-id=\"b17d6e7\" data-element_type=\"widget\" data-settings=\"{&quot;_animation&quot;:&quot;opal-move-up&quot;}\" data-widget_type=\"image-box.default\">\n\t\t\t\t<div class=\"elementor-widget-container\">\n\t\t\t\t\t<div class=\"elementor-image-box-wrapper\"><figure class=\"elementor-image-box-img\"><a href=\"#\" tabindex=\"-1\"><img decoding=\"async\" src=\"https:\/\/uniotec.kraftadvisors.net\/wp-content\/uploads\/elementor\/thumbs\/about-leader-4-qg6kuqnhm6zqi2d4zrdnj4vujblyxmqh7xx8vx9sto.jpg\" title=\"about-leader-4\" alt=\"about-leader-4\" loading=\"lazy\" \/><\/a><\/figure><div class=\"elementor-image-box-content\"><h3 class=\"elementor-image-box-title\"><a href=\"#\">Linkedin<\/a><\/h3><\/div><\/div>\t\t\t\t<\/div>\n\t\t\t\t<\/div>\n\t\t\t\t<div class=\"elementor-element elementor-element-5330170 elementor-position-left animated-fast elementor-vertical-align-top elementor-invisible elementor-widget elementor-widget-image-box\" data-id=\"5330170\" data-element_type=\"widget\" data-settings=\"{&quot;_animation&quot;:&quot;opal-move-up&quot;}\" data-widget_type=\"image-box.default\">\n\t\t\t\t<div class=\"elementor-widget-container\">\n\t\t\t\t\t<div class=\"elementor-image-box-wrapper\"><figure class=\"elementor-image-box-img\"><a href=\"#\" tabindex=\"-1\"><img decoding=\"async\" src=\"https:\/\/uniotec.kraftadvisors.net\/wp-content\/uploads\/elementor\/thumbs\/about-leader-4-qg6kuqnhm6zqi2d4zrdnj4vujblyxmqh7xx8vx9sto.jpg\" title=\"about-leader-4\" alt=\"about-leader-4\" loading=\"lazy\" \/><\/a><\/figure><div class=\"elementor-image-box-content\"><h3 class=\"elementor-image-box-title\"><a href=\"#\">Whatsapp<\/a><\/h3><\/div><\/div>\t\t\t\t<\/div>\n\t\t\t\t<\/div>\n\t\t\t\t\t<\/div>\n\t\t<\/div>\n\t\t\t\t\t<\/div>\n\t\t<\/section>\n\t\t\t\t<\/div>","protected":false},"excerpt":{"rendered":"<p>TRANSPORT \u0160UME UNIOTEC Transport drva je klju\u010dni deo lanca vrednosti u \u0161umarstvu, a Uniotec pru\u017ea izuzetno efikasne usluge transporta drva na teritoriji Bosne i Hercegovine. Na\u0161a predanost pru\u017eanju visokokvalitetnih usluga odra\u017eava se u svakom koraku procesa transporta, gde se pa\u017eljivo planiranje, stru\u010dnost i preciznost spajaju kako bi se obezbedila optimalna distribucija drvnih resursa. Efikasnost logistike &hellip; <\/p>\n<p class=\"link-more\"><a href=\"https:\/\/uniotec.kraftadvisors.net\/bs\/transport-sume\/\" class=\"more-link\">Read More <span class=\"screen-reader-text\"> &#8222;Transport \u0161ume&#8220;<\/span><\/a><\/p>","protected":false},"author":1,"featured_media":0,"parent":0,"menu_order":0,"comment_status":"closed","ping_status":"closed","template":"","meta":{"inline_featured_image":false,"footnotes":""},"_links":{"self":[{"href":"https:\/\/uniotec.kraftadvisors.net\/bs\/wp-json\/wp\/v2\/pages\/8491"}],"collection":[{"href":"https:\/\/uniotec.kraftadvisors.net\/bs\/wp-json\/wp\/v2\/pages"}],"about":[{"href":"https:\/\/uniotec.kraftadvisors.net\/bs\/wp-json\/wp\/v2\/types\/page"}],"author":[{"embeddable":true,"href":"https:\/\/uniotec.kraftadvisors.net\/bs\/wp-json\/wp\/v2\/users\/1"}],"replies":[{"embeddable":true,"href":"https:\/\/uniotec.kraftadvisors.net\/bs\/wp-json\/wp\/v2\/comments?post=8491"}],"version-history":[{"count":7,"href":"https:\/\/uniotec.kraftadvisors.net\/bs\/wp-json\/wp\/v2\/pages\/8491\/revisions"}],"predecessor-version":[{"id":8671,"href":"https:\/\/uniotec.kraftadvisors.net\/bs\/wp-json\/wp\/v2\/pages\/8491\/revisions\/8671"}],"wp:attachment":[{"href":"https:\/\/uniotec.kraftadvisors.net\/bs\/wp-json\/wp\/v2\/media?parent=8491"}],"curies":[{"name":"wp","href":"https:\/\/api.w.org\/{rel}","templated":true}]}}