{"id":8324,"date":"2023-12-21T15:21:55","date_gmt":"2023-12-21T15:21:55","guid":{"rendered":"https:\/\/uniotec.kraftadvisors.net\/?page_id=8324"},"modified":"2024-01-22T14:51:11","modified_gmt":"2024-01-22T14:51:11","slug":"sumarstvo-o-nama","status":"publish","type":"page","link":"https:\/\/uniotec.kraftadvisors.net\/en\/sumarstvo-o-nama\/","title":{"rendered":"\u0160umarstvo &#8211; O nama"},"content":{"rendered":"<div data-elementor-type=\"wp-page\" data-elementor-id=\"8324\" class=\"elementor elementor-8324\">\n\t\t\t\t\t\t<section class=\"elementor-section elementor-top-section elementor-element elementor-element-332c864 elementor-section-stretched elementor-section-full_width elementor-section-content-middle animated-fast elementor-section-height-min-height elementor-section-height-default elementor-section-items-middle elementor-invisible\" data-id=\"332c864\" data-element_type=\"section\" data-settings=\"{&quot;stretch_section&quot;:&quot;section-stretched&quot;,&quot;background_background&quot;:&quot;classic&quot;,&quot;animation&quot;:&quot;opal-move-up&quot;}\">\n\t\t\t\t\t\t<div class=\"elementor-container elementor-column-gap-no\">\n\t\t\t\t\t<div class=\"elementor-column elementor-col-100 elementor-top-column elementor-element elementor-element-e6940d6\" data-id=\"e6940d6\" data-element_type=\"column\">\n\t\t\t<div class=\"elementor-widget-wrap elementor-element-populated\">\n\t\t\t\t\t\t<div class=\"elementor-element elementor-element-4b2b518 elementor-widget elementor-widget-heading\" data-id=\"4b2b518\" data-element_type=\"widget\" data-widget_type=\"heading.default\">\n\t\t\t\t<div class=\"elementor-widget-container\">\n\t\t\t\t\t<h2 class=\"elementor-heading-title elementor-size-default\">Healthy forests, <br \/>communities and citizens<\/h2>\t\t\t\t<\/div>\n\t\t\t\t<\/div>\n\t\t\t\t<div class=\"elementor-element elementor-element-9604e76 elementor-widget elementor-widget-text-editor\" data-id=\"9604e76\" data-element_type=\"widget\" data-widget_type=\"text-editor.default\">\n\t\t\t\t<div class=\"elementor-widget-container\">\n\t\t\t\t\t\t\t\t\t<p>Uniotec, a leading forestry company, prioritizes healthy forests,<br \/>\u00a0community engagement and sustainable timber resources.<\/p>\t\t\t\t\t\t\t\t<\/div>\n\t\t\t\t<\/div>\n\t\t\t\t\t<\/div>\n\t\t<\/div>\n\t\t\t\t\t<\/div>\n\t\t<\/section>\n\t\t<div class=\"elementor-element elementor-element-4391d3a e-flex e-con-boxed e-con e-parent\" data-id=\"4391d3a\" data-element_type=\"container\">\n\t\t\t\t\t<div class=\"e-con-inner\">\n\t\t<div class=\"elementor-element elementor-element-a4bcd17 e-con-full e-flex e-con e-child\" data-id=\"a4bcd17\" data-element_type=\"container\">\n\t\t\t\t<div class=\"elementor-element elementor-element-c248ab4 elementor-widget__width-initial elementor-widget elementor-widget-html\" data-id=\"c248ab4\" data-element_type=\"widget\" data-widget_type=\"html.default\">\n\t\t\t\t<div class=\"elementor-widget-container\">\n\t\t\t\t\t<style>\n    .sumarstvo-con{\n        position: relative;\n    }\n    .sumasrtvo1,.sumasrtvo2{\n        position: absolute;\n        width: 400px;\n        transition:0.4s all ease-in-out;\n    }\n    \n    .sumasrtvo1{z-index:1;\n        left: 0;\n        transform: rotate(-9deg)\n        \n    }\n    .sumasrtvo2{z-index:2;\n        right: -10px;\n        top: 100px;\n        transform: rotate(9deg)\n    }\n    \n    .sumasrtvo1:hover,.sumasrtvo2:hover{\n        transform: scale(1.1)\n    }\n    \n<\/style>\n\n\n<div class=\"sumarstvo-con\">\n    <img decoding=\"async\" class=\"sumasrtvo1\" src=\"https:\/\/uniotec.kraftadvisors.net\/wp-content\/uploads\/2023\/12\/transportation-timber-firewood-country-roads-transportation-trucks-with-special-semitrailers-forest-logs-1.jpg\" alt=\"Izvoz suma\"\/>\n    <img decoding=\"async\" class=\"sumasrtvo2\" src=\"https:\/\/uniotec.kraftadvisors.net\/wp-content\/uploads\/2023\/12\/heavy-equipment-loading-huge-logs-trailer-1.jpg\" alt=\"Sume\"\/>\n<\/div>\n\n<script>\nconst image1=document.querySelector('.sumasrtvo1');   \nconst image2=document.querySelector('.sumasrtvo2');  \n\n\n\nimage1.addEventListener('mouseenter',(e)=>{\n    image1.style.zIndex=5;\n    image1.addEventListener('mouseleave',(e)=>{\n        image1.style.zIndex=1;\n    })\n})\n    \nimage2.addEventListener('mouseenter',(e)=>{\n    image2.style.zIndex=5;\n    image2.addEventListener('mouseleave',(e)=>{\n        image2.style.zIndex=2;\n    })\n})\n    \n<\/script>\t\t\t\t<\/div>\n\t\t\t\t<\/div>\n\t\t\t\t<\/div>\n\t\t<div class=\"elementor-element elementor-element-8ca0aed e-con-full e-flex e-con e-child\" data-id=\"8ca0aed\" data-element_type=\"container\">\n\t\t\t\t<div class=\"elementor-element elementor-element-1f12ce5 elementor-widget elementor-widget-heading\" data-id=\"1f12ce5\" data-element_type=\"widget\" data-widget_type=\"heading.default\">\n\t\t\t\t<div class=\"elementor-widget-container\">\n\t\t\t\t\t<h2 class=\"elementor-heading-title elementor-size-default\">Our approach and services<\/h2>\t\t\t\t<\/div>\n\t\t\t\t<\/div>\n\t\t\t\t<div class=\"elementor-element elementor-element-56c8407 elementor-widget elementor-widget-heading\" data-id=\"56c8407\" data-element_type=\"widget\" data-widget_type=\"heading.default\">\n\t\t\t\t<div class=\"elementor-widget-container\">\n\t\t\t\t\t<h3 class=\"elementor-heading-title elementor-size-default\">Optimization of forest resources for sustainable use in Bosnia and Herzegovina<\/h3>\t\t\t\t<\/div>\n\t\t\t\t<\/div>\n\t\t\t\t<div class=\"elementor-element elementor-element-0a00061 elementor-view-default elementor-widget elementor-widget-icon\" data-id=\"0a00061\" data-element_type=\"widget\" data-widget_type=\"icon.default\">\n\t\t\t\t<div class=\"elementor-widget-container\">\n\t\t\t\t\t\t\t<div class=\"elementor-icon-wrapper\">\n\t\t\t<div class=\"elementor-icon\">\n\t\t\t<svg aria-hidden=\"true\" class=\"e-font-icon-svg e-fas-directions\" viewbox=\"0 0 512 512\" xmlns=\"http:\/\/www.w3.org\/2000\/svg\"><path d=\"M502.61 233.32L278.68 9.39c-12.52-12.52-32.83-12.52-45.36 0L9.39 233.32c-12.52 12.53-12.52 32.83 0 45.36l223.93 223.93c12.52 12.53 32.83 12.53 45.36 0l223.93-223.93c12.52-12.53 12.52-32.83 0-45.36zm-100.98 12.56l-84.21 77.73c-5.12 4.73-13.43 1.1-13.43-5.88V264h-96v64c0 4.42-3.58 8-8 8h-32c-4.42 0-8-3.58-8-8v-80c0-17.67 14.33-32 32-32h112v-53.73c0-6.97 8.3-10.61 13.43-5.88l84.21 77.73c3.43 3.17 3.43 8.59 0 11.76z\"><\/path><\/svg>\t\t\t<\/div>\n\t\t<\/div>\n\t\t\t\t\t\t<\/div>\n\t\t\t\t<\/div>\n\t\t\t\t<div class=\"elementor-element elementor-element-a6bd269 elementor-widget elementor-widget-text-editor\" data-id=\"a6bd269\" data-element_type=\"widget\" data-widget_type=\"text-editor.default\">\n\t\t\t\t<div class=\"elementor-widget-container\">\n\t\t\t\t\t\t\t\t\t<p>Uniotec is dedicated to the improvement of forestry practices, providing superior forest management services. Our main goal is to preserve forests through sustainable approaches, professional execution of works and striving for excellence in order to have a positive impact on forest ecosystems and society in the long term. Based in Lukavica, we operate on the territory of Bosnia and Herzegovina, specializing in wood extraction and transport services.<\/p>\t\t\t\t\t\t\t\t<\/div>\n\t\t\t\t<\/div>\n\t\t\t\t<div class=\"elementor-element elementor-element-2547004 elementor-widget elementor-widget-button\" data-id=\"2547004\" data-element_type=\"widget\" data-widget_type=\"button.default\">\n\t\t\t\t<div class=\"elementor-widget-container\">\n\t\t\t\t\t\t\t\t\t<div class=\"elementor-button-wrapper\">\n\t\t\t\t\t<a class=\"elementor-button elementor-button-link elementor-size-sm\" href=\"#\">\n\t\t\t\t\t\t<span class=\"elementor-button-content-wrapper\">\n\t\t\t\t\t\t\t\t\t<span class=\"elementor-button-text\">Services<\/span>\n\t\t\t\t\t<\/span>\n\t\t\t\t\t<\/a>\n\t\t\t\t<\/div>\n\t\t\t\t\t\t\t\t<\/div>\n\t\t\t\t<\/div>\n\t\t\t\t<\/div>\n\t\t\t\t\t<\/div>\n\t\t\t\t<\/div>\n\t\t\t\t<section class=\"elementor-section elementor-top-section elementor-element elementor-element-5568113 elementor-section-stretched elementor-section-full_width elementor-section-content-middle animated-fast elementor-section-height-min-height elementor-section-height-default elementor-section-items-middle elementor-invisible\" data-id=\"5568113\" data-element_type=\"section\" data-settings=\"{&quot;stretch_section&quot;:&quot;section-stretched&quot;,&quot;background_background&quot;:&quot;classic&quot;,&quot;animation&quot;:&quot;opal-move-up&quot;}\">\n\t\t\t\t\t\t\t<div class=\"elementor-background-overlay\"><\/div>\n\t\t\t\t\t\t\t<div class=\"elementor-container elementor-column-gap-no\">\n\t\t\t\t\t<div class=\"elementor-column elementor-col-33 elementor-top-column elementor-element elementor-element-d9a13e4\" data-id=\"d9a13e4\" data-element_type=\"column\">\n\t\t\t<div class=\"elementor-widget-wrap elementor-element-populated\">\n\t\t\t\t\t\t<div class=\"elementor-element elementor-element-5fea073 elementor-view-default elementor-position-top elementor-mobile-position-top elementor-widget elementor-widget-icon-box\" data-id=\"5fea073\" data-element_type=\"widget\" data-widget_type=\"icon-box.default\">\n\t\t\t\t<div class=\"elementor-widget-container\">\n\t\t\t\t\t\t\t<div class=\"elementor-icon-box-wrapper\">\n\n\t\t\t\t\t\t<div class=\"elementor-icon-box-icon\">\n\t\t\t\t<span  class=\"elementor-icon\">\n\t\t\t\t<i class=\"opal-icon- opal-icon-tree opal-custom\" aria-hidden=\"true\"><\/i>\t\t\t\t<\/span>\n\t\t\t<\/div>\n\t\t\t\n\t\t\t\t\t\t<div class=\"elementor-icon-box-content\">\n\n\t\t\t\t\t\t\t\t\t<h3 class=\"elementor-icon-box-title\">\n\t\t\t\t\t\t<span  >\n\t\t\t\t\t\t\tCutting down the forest\t\t\t\t\t\t<\/span>\n\t\t\t\t\t<\/h3>\n\t\t\t\t\n\t\t\t\t\t\t\t\t\t<p class=\"elementor-icon-box-description\">\n\t\t\t\t\t\tForest cutting requires precision and respect for forest areas. Our logging approach is based on careful planning and minimal impact on the environment. We use methods that protect plant life, enabling the preservation of natural habitat while securing the necessary resources.\t\t\t\t\t<\/p>\n\t\t\t\t\n\t\t\t<\/div>\n\t\t\t\n\t\t<\/div>\n\t\t\t\t\t\t<\/div>\n\t\t\t\t<\/div>\n\t\t\t\t\t<\/div>\n\t\t<\/div>\n\t\t\t\t<div class=\"elementor-column elementor-col-33 elementor-top-column elementor-element elementor-element-3b7f928\" data-id=\"3b7f928\" data-element_type=\"column\">\n\t\t\t<div class=\"elementor-widget-wrap elementor-element-populated\">\n\t\t\t\t\t\t<div class=\"elementor-element elementor-element-a2de493 elementor-view-default elementor-position-top elementor-mobile-position-top elementor-widget elementor-widget-icon-box\" data-id=\"a2de493\" data-element_type=\"widget\" data-widget_type=\"icon-box.default\">\n\t\t\t\t<div class=\"elementor-widget-container\">\n\t\t\t\t\t\t\t<div class=\"elementor-icon-box-wrapper\">\n\n\t\t\t\t\t\t<div class=\"elementor-icon-box-icon\">\n\t\t\t\t<span  class=\"elementor-icon\">\n\t\t\t\t<i class=\"fab fa-opencart fa-brands\" aria-hidden=\"true\"><\/i>\t\t\t\t<\/span>\n\t\t\t<\/div>\n\t\t\t\n\t\t\t\t\t\t<div class=\"elementor-icon-box-content\">\n\n\t\t\t\t\t\t\t\t\t<h3 class=\"elementor-icon-box-title\">\n\t\t\t\t\t\t<span  >\n\t\t\t\t\t\t\tForest transport\t\t\t\t\t\t<\/span>\n\t\t\t\t\t<\/h3>\n\t\t\t\t\n\t\t\t\t\t\t\t\t\t<p class=\"elementor-icon-box-description\">\n\t\t\t\t\t\tForest transport plays a key role in preserving the integrity of forests. Our efficient transport logistics ensure that the wood is transported without damaging the environment. With our technology and approach, we ensure that resources are transported responsibly and efficiently.\t\t\t\t\t<\/p>\n\t\t\t\t\n\t\t\t<\/div>\n\t\t\t\n\t\t<\/div>\n\t\t\t\t\t\t<\/div>\n\t\t\t\t<\/div>\n\t\t\t\t\t<\/div>\n\t\t<\/div>\n\t\t\t\t<div class=\"elementor-column elementor-col-33 elementor-top-column elementor-element elementor-element-c70a68a\" data-id=\"c70a68a\" data-element_type=\"column\">\n\t\t\t<div class=\"elementor-widget-wrap elementor-element-populated\">\n\t\t\t\t\t\t<div class=\"elementor-element elementor-element-7accd44 elementor-view-default elementor-position-top elementor-mobile-position-top elementor-widget elementor-widget-icon-box\" data-id=\"7accd44\" data-element_type=\"widget\" data-widget_type=\"icon-box.default\">\n\t\t\t\t<div class=\"elementor-widget-container\">\n\t\t\t\t\t\t\t<div class=\"elementor-icon-box-wrapper\">\n\n\t\t\t\t\t\t<div class=\"elementor-icon-box-icon\">\n\t\t\t\t<span  class=\"elementor-icon\">\n\t\t\t\t<i class=\"fas fa-road fa-solid\" aria-hidden=\"true\"><\/i>\t\t\t\t<\/span>\n\t\t\t<\/div>\n\t\t\t\n\t\t\t\t\t\t<div class=\"elementor-icon-box-content\">\n\n\t\t\t\t\t\t\t\t\t<h3 class=\"elementor-icon-box-title\">\n\t\t\t\t\t\t<span  >\n\t\t\t\t\t\t\tPulling out the trunk\t\t\t\t\t\t<\/span>\n\t\t\t\t\t<\/h3>\n\t\t\t\t\n\t\t\t\t\t\t\t\t\t<p class=\"elementor-icon-box-description\">\n\t\t\t\t\t\tLogging is a sensitive process that requires attention to the forest environment. Our extraction technique ensures minimal impact on the environment, enabling an environmentally sustainable approach. During this process, we take into account the preservation of forests and their natural balance.\t\t\t\t\t<\/p>\n\t\t\t\t\n\t\t\t<\/div>\n\t\t\t\n\t\t<\/div>\n\t\t\t\t\t\t<\/div>\n\t\t\t\t<\/div>\n\t\t\t\t\t<\/div>\n\t\t<\/div>\n\t\t\t\t\t<\/div>\n\t\t<\/section>\n\t\t\t\t<section class=\"elementor-section elementor-top-section elementor-element elementor-element-2b873b6 elementor-section-boxed elementor-section-height-default elementor-section-height-default\" data-id=\"2b873b6\" data-element_type=\"section\">\n\t\t\t\t\t\t<div class=\"elementor-container elementor-column-gap-no\">\n\t\t\t\t\t<div class=\"elementor-column elementor-col-100 elementor-top-column elementor-element elementor-element-500d42d\" data-id=\"500d42d\" data-element_type=\"column\">\n\t\t\t<div class=\"elementor-widget-wrap elementor-element-populated\">\n\t\t\t\t\t\t<div class=\"elementor-element elementor-element-030b195 elementor-widget elementor-widget-heading\" data-id=\"030b195\" data-element_type=\"widget\" data-widget_type=\"heading.default\">\n\t\t\t\t<div class=\"elementor-widget-container\">\n\t\t\t\t\t<h2 class=\"elementor-heading-title elementor-size-default\">Gallery<\/h2>\t\t\t\t<\/div>\n\t\t\t\t<\/div>\n\t\t\t\t\t<\/div>\n\t\t<\/div>\n\t\t\t\t\t<\/div>\n\t\t<\/section>\n\t\t\t\t<section class=\"elementor-section elementor-top-section elementor-element elementor-element-647fc8a elementor-section-boxed elementor-section-height-default elementor-section-height-default\" data-id=\"647fc8a\" data-element_type=\"section\">\n\t\t\t\t\t\t<div class=\"elementor-container elementor-column-gap-no\">\n\t\t\t\t\t<div class=\"elementor-column elementor-col-50 elementor-top-column elementor-element elementor-element-cc102f5\" data-id=\"cc102f5\" data-element_type=\"column\">\n\t\t\t<div class=\"elementor-widget-wrap elementor-element-populated\">\n\t\t\t\t\t\t<div class=\"elementor-element elementor-element-5fea93e animated-fast elementor-invisible elementor-widget elementor-widget-heading\" data-id=\"5fea93e\" data-element_type=\"widget\" data-settings=\"{&quot;_animation&quot;:&quot;opal-move-up&quot;,&quot;_animation_delay&quot;:150}\" data-widget_type=\"heading.default\">\n\t\t\t\t<div class=\"elementor-widget-container\">\n\t\t\t\t\t<h2 class=\"elementor-heading-title elementor-size-default\">Need woodworking services? Contact us!<\/h2>\t\t\t\t<\/div>\n\t\t\t\t<\/div>\n\t\t\t\t\t<\/div>\n\t\t<\/div>\n\t\t\t\t<div class=\"elementor-column elementor-col-50 elementor-top-column elementor-element elementor-element-683f9c4 animated-fast elementor-invisible\" data-id=\"683f9c4\" data-element_type=\"column\" data-settings=\"{&quot;animation&quot;:&quot;opal-move-up&quot;}\">\n\t\t\t<div class=\"elementor-widget-wrap elementor-element-populated\">\n\t\t\t\t\t\t<div class=\"elementor-element elementor-element-b28c579 elementor-widget elementor-widget-text-editor\" data-id=\"b28c579\" data-element_type=\"widget\" data-widget_type=\"text-editor.default\">\n\t\t\t\t<div class=\"elementor-widget-container\">\n\t\t\t\t\t\t\t\t\t<p>Contact us :<\/p>\t\t\t\t\t\t\t\t<\/div>\n\t\t\t\t<\/div>\n\t\t\t\t<div class=\"elementor-element elementor-element-c2a9183 elementor-position-left animated-fast elementor-vertical-align-top elementor-invisible elementor-widget elementor-widget-image-box\" data-id=\"c2a9183\" data-element_type=\"widget\" data-settings=\"{&quot;_animation&quot;:&quot;opal-move-up&quot;}\" data-widget_type=\"image-box.default\">\n\t\t\t\t<div class=\"elementor-widget-container\">\n\t\t\t\t\t<div class=\"elementor-image-box-wrapper\"><figure class=\"elementor-image-box-img\"><a href=\"#\" tabindex=\"-1\"><img decoding=\"async\" src=\"https:\/\/uniotec.kraftadvisors.net\/wp-content\/uploads\/elementor\/thumbs\/about-leader-3-qg6kuqnhm6zqi2d4zrdnj4vujblyxmqh7xx8vx9sto.jpg\" title=\"about-leader-3\" alt=\"about-leader-3\" loading=\"lazy\" \/><\/a><\/figure><div class=\"elementor-image-box-content\"><h3 class=\"elementor-image-box-title\"><a href=\"#\">Facebook<\/a><\/h3><\/div><\/div>\t\t\t\t<\/div>\n\t\t\t\t<\/div>\n\t\t\t\t<div class=\"elementor-element elementor-element-fb523d1 elementor-position-left animated-fast elementor-vertical-align-top elementor-invisible elementor-widget elementor-widget-image-box\" data-id=\"fb523d1\" data-element_type=\"widget\" data-settings=\"{&quot;_animation&quot;:&quot;opal-move-up&quot;}\" data-widget_type=\"image-box.default\">\n\t\t\t\t<div class=\"elementor-widget-container\">\n\t\t\t\t\t<div class=\"elementor-image-box-wrapper\"><figure class=\"elementor-image-box-img\"><a href=\"#\" tabindex=\"-1\"><img decoding=\"async\" src=\"https:\/\/uniotec.kraftadvisors.net\/wp-content\/uploads\/elementor\/thumbs\/about-leader-5-qg6kuqnhm6zqi2d4zrdnj4vujblyxmqh7xx8vx9sto.jpg\" title=\"about-leader-5\" alt=\"about-leader-5\" loading=\"lazy\" \/><\/a><\/figure><div class=\"elementor-image-box-content\"><h3 class=\"elementor-image-box-title\"><a href=\"#\">Instagram<\/a><\/h3><\/div><\/div>\t\t\t\t<\/div>\n\t\t\t\t<\/div>\n\t\t\t\t<div class=\"elementor-element elementor-element-a965b32 elementor-position-left animated-fast elementor-vertical-align-top elementor-invisible elementor-widget elementor-widget-image-box\" data-id=\"a965b32\" data-element_type=\"widget\" data-settings=\"{&quot;_animation&quot;:&quot;opal-move-up&quot;}\" data-widget_type=\"image-box.default\">\n\t\t\t\t<div class=\"elementor-widget-container\">\n\t\t\t\t\t<div class=\"elementor-image-box-wrapper\"><figure class=\"elementor-image-box-img\"><a href=\"#\" tabindex=\"-1\"><img decoding=\"async\" src=\"https:\/\/uniotec.kraftadvisors.net\/wp-content\/uploads\/elementor\/thumbs\/about-leader-4-qg6kuqnhm6zqi2d4zrdnj4vujblyxmqh7xx8vx9sto.jpg\" title=\"about-leader-4\" alt=\"about-leader-4\" loading=\"lazy\" \/><\/a><\/figure><div class=\"elementor-image-box-content\"><h3 class=\"elementor-image-box-title\"><a href=\"#\">Linkedin<\/a><\/h3><\/div><\/div>\t\t\t\t<\/div>\n\t\t\t\t<\/div>\n\t\t\t\t<div class=\"elementor-element elementor-element-04fd10a elementor-position-left animated-fast elementor-vertical-align-top elementor-invisible elementor-widget elementor-widget-image-box\" data-id=\"04fd10a\" data-element_type=\"widget\" data-settings=\"{&quot;_animation&quot;:&quot;opal-move-up&quot;}\" data-widget_type=\"image-box.default\">\n\t\t\t\t<div class=\"elementor-widget-container\">\n\t\t\t\t\t<div class=\"elementor-image-box-wrapper\"><figure class=\"elementor-image-box-img\"><a href=\"#\" tabindex=\"-1\"><img decoding=\"async\" src=\"https:\/\/uniotec.kraftadvisors.net\/wp-content\/uploads\/elementor\/thumbs\/about-leader-4-qg6kuqnhm6zqi2d4zrdnj4vujblyxmqh7xx8vx9sto.jpg\" title=\"about-leader-4\" alt=\"about-leader-4\" loading=\"lazy\" \/><\/a><\/figure><div class=\"elementor-image-box-content\"><h3 class=\"elementor-image-box-title\"><a href=\"#\">Whatsapp<\/a><\/h3><\/div><\/div>\t\t\t\t<\/div>\n\t\t\t\t<\/div>\n\t\t\t\t\t<\/div>\n\t\t<\/div>\n\t\t\t\t\t<\/div>\n\t\t<\/section>\n\t\t\t\t<\/div>","protected":false},"excerpt":{"rendered":"<p>Zdrave \u0161ume, zajednice i gra\u0111a Uniotec, vode\u0107a kompanija za rad u \u0161umama, prioritetizuje zdrave \u0161ume,\u00a0anga\u017eovanje zajednice i odr\u017eive drvne resurse. Na\u0161 pristup i usluge Optimizacija \u0161umskih resursa za odr\u017eivu upotrebu Bosne i Hercegovine Uniotec je posve\u0107en unapre\u0111enju \u0161umarske prakse, pru\u017eaju\u0107i vrhunske usluge upravljanja \u0161umama . Na\u0161 osnovni cilj je o\u010duvanje \u0161uma kroz odr\u017eive pristupe, stru\u010dno &hellip; <\/p>\n<p class=\"link-more\"><a href=\"https:\/\/uniotec.kraftadvisors.net\/en\/sumarstvo-o-nama\/\" class=\"more-link\">Read More <span class=\"screen-reader-text\"> &#8222;\u0160umarstvo &#8211; O nama&#8220;<\/span><\/a><\/p>","protected":false},"author":1,"featured_media":0,"parent":0,"menu_order":0,"comment_status":"closed","ping_status":"closed","template":"page-elementor.php","meta":{"inline_featured_image":false,"footnotes":""},"_links":{"self":[{"href":"https:\/\/uniotec.kraftadvisors.net\/en\/wp-json\/wp\/v2\/pages\/8324"}],"collection":[{"href":"https:\/\/uniotec.kraftadvisors.net\/en\/wp-json\/wp\/v2\/pages"}],"about":[{"href":"https:\/\/uniotec.kraftadvisors.net\/en\/wp-json\/wp\/v2\/types\/page"}],"author":[{"embeddable":true,"href":"https:\/\/uniotec.kraftadvisors.net\/en\/wp-json\/wp\/v2\/users\/1"}],"replies":[{"embeddable":true,"href":"https:\/\/uniotec.kraftadvisors.net\/en\/wp-json\/wp\/v2\/comments?post=8324"}],"version-history":[{"count":55,"href":"https:\/\/uniotec.kraftadvisors.net\/en\/wp-json\/wp\/v2\/pages\/8324\/revisions"}],"predecessor-version":[{"id":9118,"href":"https:\/\/uniotec.kraftadvisors.net\/en\/wp-json\/wp\/v2\/pages\/8324\/revisions\/9118"}],"wp:attachment":[{"href":"https:\/\/uniotec.kraftadvisors.net\/en\/wp-json\/wp\/v2\/media?parent=8324"}],"curies":[{"name":"wp","href":"https:\/\/api.w.org\/{rel}","templated":true}]}}