{"id":9392,"date":"2024-02-05T14:10:40","date_gmt":"2024-02-05T14:10:40","guid":{"rendered":"https:\/\/uniotec.kraftadvisors.net\/?page_id=9392"},"modified":"2024-02-14T15:36:34","modified_gmt":"2024-02-14T15:36:34","slug":"stambeni-objekt-u-ulici-nikola-tesla-tlocrt-sprata-5-2","status":"publish","type":"page","link":"https:\/\/uniotec.kraftadvisors.net\/en\/stambeni-objekt-u-ulici-nikola-tesla-tlocrt-sprata-5-2\/","title":{"rendered":"Stambeni objekt u Ulici Nikola Tesla &#8211; Tlocrt sprata 5"},"content":{"rendered":"<div data-elementor-type=\"wp-page\" data-elementor-id=\"9392\" class=\"elementor elementor-9392\">\n\t\t\t\t\t\t<section class=\"elementor-section elementor-top-section elementor-element elementor-element-65a28c0 elementor-section-stretched elementor-section-full_width elementor-section-content-middle animated-fast elementor-section-height-default elementor-section-height-default elementor-invisible\" data-id=\"65a28c0\" data-element_type=\"section\" data-settings=\"{&quot;stretch_section&quot;:&quot;section-stretched&quot;,&quot;background_background&quot;:&quot;classic&quot;,&quot;animation&quot;:&quot;opal-move-up&quot;}\">\n\t\t\t\t\t\t\t<div class=\"elementor-background-overlay\"><\/div>\n\t\t\t\t\t\t\t<div class=\"elementor-container elementor-column-gap-no\">\n\t\t\t\t\t<div class=\"elementor-column elementor-col-50 elementor-top-column elementor-element elementor-element-33cbc74\" data-id=\"33cbc74\" data-element_type=\"column\" data-settings=\"{&quot;background_background&quot;:&quot;classic&quot;}\">\n\t\t\t<div class=\"elementor-widget-wrap\">\n\t\t\t\t\t\t\t<\/div>\n\t\t<\/div>\n\t\t\t\t<div class=\"elementor-column elementor-col-50 elementor-top-column elementor-element elementor-element-e9f4b72\" data-id=\"e9f4b72\" data-element_type=\"column\" data-settings=\"{&quot;background_background&quot;:&quot;classic&quot;}\">\n\t\t\t<div class=\"elementor-widget-wrap\">\n\t\t\t\t\t\t\t<\/div>\n\t\t<\/div>\n\t\t\t\t\t<\/div>\n\t\t<\/section>\n\t\t\t\t<section class=\"elementor-section elementor-top-section elementor-element elementor-element-51addda elementor-section-stretched elementor-section-boxed elementor-section-height-default elementor-section-height-default elementor-invisible\" data-id=\"51addda\" data-element_type=\"section\" data-settings=\"{&quot;stretch_section&quot;:&quot;section-stretched&quot;,&quot;animation&quot;:&quot;opal-move-up&quot;}\">\n\t\t\t\t\t\t<div class=\"elementor-container elementor-column-gap-no\">\n\t\t\t\t\t<div class=\"elementor-column elementor-col-100 elementor-top-column elementor-element elementor-element-2f419d0\" data-id=\"2f419d0\" data-element_type=\"column\">\n\t\t\t<div class=\"elementor-widget-wrap elementor-element-populated\">\n\t\t\t\t\t\t<div class=\"elementor-element elementor-element-c086a77 elementor-widget elementor-widget-heading\" data-id=\"c086a77\" data-element_type=\"widget\" data-widget_type=\"heading.default\">\n\t\t\t\t<div class=\"elementor-widget-container\">\n\t\t\t\t\t<h2 class=\"elementor-heading-title elementor-size-default\">Choose your apartment<\/h2>\t\t\t\t<\/div>\n\t\t\t\t<\/div>\n\t\t\t\t<div class=\"elementor-element elementor-element-52e2557 elementor-widget elementor-widget-text-editor\" data-id=\"52e2557\" data-element_type=\"widget\" data-widget_type=\"text-editor.default\">\n\t\t\t\t<div class=\"elementor-widget-container\">\n\t\t\t\t\t\t\t\t\t<p>By clicking on the desired apartment, you can get a detailed view. To view a specific apartment, simply click on its icon on the map to get more information.<\/p>\t\t\t\t\t\t\t\t<\/div>\n\t\t\t\t<\/div>\n\t\t\t\t\t<\/div>\n\t\t<\/div>\n\t\t\t\t\t<\/div>\n\t\t<\/section>\n\t\t<div class=\"elementor-element elementor-element-a6dddff e-flex e-con-boxed e-con e-parent\" data-id=\"a6dddff\" data-element_type=\"container\">\n\t\t\t\t\t<div class=\"e-con-inner\">\n\t\t\t\t\t<\/div>\n\t\t\t\t<\/div>\n\t\t<div class=\"elementor-element elementor-element-7b50b81 e-con-full elementor-hidden-mobile e-flex e-con e-parent\" data-id=\"7b50b81\" data-element_type=\"container\" id=\"apartment-image-holder\" data-settings=\"{&quot;background_background&quot;:&quot;classic&quot;}\">\n\t\t\t\t<div class=\"elementor-element elementor-element-8cdfbf5 elementor-widget elementor-widget-html\" data-id=\"8cdfbf5\" data-element_type=\"widget\" data-widget_type=\"html.default\">\n\t\t\t\t<div class=\"elementor-widget-container\">\n\t\t\t\t\t<style>\r\n    .floor__apartment {\r\n        height: 100%;\r\n   position: relative;\r\n   width: 100%;\r\n    }\r\n\r\n    .floor__apartment a {\r\n   position: absolute;\r\n   width: 10rem;\r\n   height: 10rem;\r\n   top: 12rem;\r\n   transform: all 0.3s ease;\r\n   display: flex;\r\n   align-items: center;\r\n   justify-content: center;\r\n   font-weight: 900;\r\n   font-size: 2rem;\r\n    }\r\n    \r\n    .floor__apartment a:hover{\r\n        background:  #789885;\r\n        opacity: 0.8;\r\n        color:white;\r\n    }\r\n      #apart-6:hover{\r\n      background: #D8807D;\r\n    }\r\n    \r\n#apart-1{\r\n        left:9rem;\r\n    }\r\n    #apart-2{\r\n        left:23rem;\r\n    }\r\n    #apart-3{\r\n        left:33rem;\r\n    }\r\n    #apart-4{\r\n        left:44rem;\r\n    }\r\n     #apart-5{\r\n         top: 31rem;\r\n        left:10rem;\r\n    }\r\n     #apart-6{\r\n         top: 31rem;\r\n        left:23rem;\r\n    }\r\n     #apart-7{\r\n         top: 31rem;\r\n        left:42rem;\r\n    }\r\n    \r\n    .apart-33:hover,.apart-34:hover,.apart-35:hover{\r\n         background:  #789885 !important;\r\n    }\r\n    \r\n    @media(max-width:993px){\r\n        .floor__apartment a {\r\n            width: 7rem;\r\n            height: 7rem;\r\n            top: 15rem;\r\n        }\r\n        #apart-1{\r\n        left:6rem;\r\n    }\r\n    #apart-2{\r\n        left:16rem;\r\n    }\r\n    #apart-3{\r\n        left:25rem;\r\n        width: 5rem;\r\n    }\r\n    #apart-4{\r\n        left:32rem;\r\n    }\r\n     #apart-5{\r\n         top: 30rem;\r\n        left:6rem;\r\n    }\r\n     #apart-6{\r\n         top: 30rem;\r\n        left:16rem;\r\n    }\r\n     #apart-7{\r\n         top: 30rem;\r\n        left:32rem;\r\n    }\r\n    }\r\n    @media(max-width:768px){\r\n        .floor__apartment a {\r\n            width: 5rem;\r\n            height: 5rem;\r\n            top: 18rem;\r\n        }\r\n        #apart-1{\r\n        left:4rem;\r\n    }\r\n    #apart-2{\r\n        left:13rem;\r\n    }\r\n    #apart-3{\r\n        left:18.5rem;\r\n        width:3rem;\r\n    }\r\n    #apart-4{\r\n        left:23rem;\r\n    }\r\n     #apart-5{\r\n         top: 30rem;\r\n        left:4rem;\r\n    }\r\n     #apart-6{\r\n         top: 30rem;\r\n        left:13rem;\r\n    }\r\n     #apart-7{\r\n         top: 30rem;\r\n        left:22rem;\r\n    }\r\n    }\r\n\r\n<\/style>\r\n\r\n<div class=\"floor__apartment\">\r\n    <a target=\"_blank\" href=\"https:\/\/uniotec.kraftadvisors.net\/wp-content\/uploads\/2024\/01\/Stan-1.pdf\" id=\"apart-1\" >Stan 29<\/a>\r\n    <a target=\"_blank\"  id=\"apart-2\" href=\"https:\/\/uniotec.kraftadvisors.net\/wp-content\/uploads\/2024\/01\/Stan-2.pdf\">Stan 30<\/a>\r\n    <a target=\"_blank\" id=\"apart-3\" href=\"https:\/\/uniotec.kraftadvisors.net\/wp-content\/uploads\/2024\/01\/Stan-3.pdf\">Stan 31<\/a>\r\n    <a target=\"_blank\" id=\"apart-4\" href=\"https:\/\/uniotec.kraftadvisors.net\/wp-content\/uploads\/2024\/01\/Stan-4.pdf\">Stan 32<\/a>\r\n    <a target=\"_blank\" id=\"apart-5\" class=\"apart-33\" href=\"https:\/\/uniotec.kraftadvisors.net\/wp-content\/uploads\/2024\/01\/Stan-5.pdf\">Stan 33<\/a>\r\n    <a target=\"_blank\" id=\"apart-6\" class=\"apart-34\" href=\"https:\/\/uniotec.kraftadvisors.net\/wp-content\/uploads\/2024\/01\/Stan-6.pdf\">Stan 34<\/a>\r\n    <a target=\"_blank\" id=\"apart-7\" class=\"apart-35\"  href=\"https:\/\/uniotec.kraftadvisors.net\/wp-content\/uploads\/2024\/01\/Stan-7.pdf\">Stan 35<\/a>\r\n<\/div>\t\t\t\t<\/div>\n\t\t\t\t<\/div>\n\t\t\t\t<\/div>\n\t\t<div class=\"elementor-element elementor-element-e9ff0a0 e-con-full elementor-hidden-desktop elementor-hidden-tablet e-flex e-con e-parent\" data-id=\"e9ff0a0\" data-element_type=\"container\" data-settings=\"{&quot;background_background&quot;:&quot;classic&quot;}\">\n\t\t\t\t<div class=\"elementor-element elementor-element-72f509b elementor-widget elementor-widget-html\" data-id=\"72f509b\" data-element_type=\"widget\" data-widget_type=\"html.default\">\n\t\t\t\t<div class=\"elementor-widget-container\">\n\t\t\t\t\t<style>\r\n    .floor__apartmentMob {\r\n        height: 100%;\r\n   position: relative;\r\n   width: 100%;\r\n    }\r\n\r\n    .floor__apartmentMob a {\r\n   position: absolute;\r\n   width: 6rem;\r\n   height: 4rem;\r\n   top: 12rem;\r\nbackground: transparent;\r\n   transform: all 0.3s ease;\r\n   display: flex;\r\n   align-items: center;\r\n   justify-content: center;\r\n   font-weight: 900;\r\n   font-size: 0.5rem;\r\n    }\r\n    \r\n    .floor__apartmentMob a:hover{\r\n        background:  #789885;\r\n        opacity: 0.8;\r\n        color:white;\r\n    }\r\n      \r\n      \/*#apart-26Mob:hover,#apart-27Mob:hover,#apart-28Mob:hover{\r\n      background: #D8807D;\r\n    }*\/\r\n    \r\n#apart-29Mob{\r\n       right: 2.5rem;\r\n      top: 16rem;\r\n    }\r\n    #apart-30Mob{\r\n        right: 2.5rem;\r\n         top: 23rem;\r\n    }\r\n    #apart-31Mob{\r\n        right: 2.5rem;\r\n         top: 28rem;\r\n    }\r\n    #apart-32Mob{\r\n         right: 2.5rem;\r\n         top: 33rem;\r\n    }\r\n     #apart-33Mob{\r\n        left: 2.5rem;\r\n         top: 16rem;\r\n    }\r\n     #apart-34Mob{\r\n        left: 2.5rem;\r\n         top: 23rem;\r\n    }\r\n     #apart-35Mob{\r\n           left: 2.5rem;\r\n         top: 33rem;\r\n    }\r\n    \r\n\r\n<\/style>\r\n\r\n<div class=\"floor__apartmentMob\">\r\n    <a target=\"_blank\" href=\"https:\/\/uniotec.kraftadvisors.net\/wp-content\/uploads\/2024\/01\/Stan-1.pdf\" id=\"apart-29Mob\" >Stan 29<\/a>\r\n    <a target=\"_blank\"  id=\"apart-30Mob\" href=\"https:\/\/uniotec.kraftadvisors.net\/wp-content\/uploads\/2024\/01\/Stan-2.pdf\">Stan 30<\/a>\r\n    <a target=\"_blank\" id=\"apart-31Mob\" href=\"https:\/\/uniotec.kraftadvisors.net\/wp-content\/uploads\/2024\/01\/Stan-3.pdf\">Stan 31<\/a>\r\n    <a target=\"_blank\" id=\"apart-32Mob\" href=\"https:\/\/uniotec.kraftadvisors.net\/wp-content\/uploads\/2024\/01\/Stan-4.pdf\">Stan 32<\/a>\r\n    <a target=\"_blank\" id=\"apart-33Mob\" href=\"https:\/\/uniotec.kraftadvisors.net\/wp-content\/uploads\/2024\/01\/Stan-5.pdf\">Stan 33<\/a>\r\n    <a target=\"_blank\" id=\"apart-34Mob\" href=\"https:\/\/uniotec.kraftadvisors.net\/wp-content\/uploads\/2024\/01\/Stan-6.pdf\">Stan 34<\/a>\r\n    <a target=\"_blank\" id=\"apart-35Mob\" href=\"https:\/\/uniotec.kraftadvisors.net\/wp-content\/uploads\/2024\/01\/Stan-7.pdf\">Stan 35<\/a>\r\n<\/div>\t\t\t\t<\/div>\n\t\t\t\t<\/div>\n\t\t\t\t<\/div>\n\t\t<div class=\"elementor-element elementor-element-e37369b e-flex e-con-boxed e-con e-parent\" data-id=\"e37369b\" data-element_type=\"container\">\n\t\t\t\t\t<div class=\"e-con-inner\">\n\t\t<div class=\"elementor-element elementor-element-fd89707 e-con-full e-flex e-con e-child\" data-id=\"fd89707\" data-element_type=\"container\">\n\t\t\t\t<div class=\"elementor-element elementor-element-db1dbf4 elementor-widget__width-initial elementor-widget elementor-widget-text-editor\" data-id=\"db1dbf4\" data-element_type=\"widget\" data-widget_type=\"text-editor.default\">\n\t\t\t\t<div class=\"elementor-widget-container\">\n\t\t\t\t\t\t\t\t\t<style>\n.free{color: green;}\n.taken{color: orangered;}\n.reserved{color: orange;}\n.apartman-floor{font-weight:800;}\n<\/style>\n\n<strong style=\"font-weight: 900; margin-bottom: 10px; text-align: center;\">Apartment list:<\/strong>\n<ul style=\"display: flex; flex-wrap: wrap; gap: 2rem; width: 100%; padding: 5rem 5rem; list-style: none;\">\n \t<li class=\"free apartman-floor\"><em>Apartment 29:<\/em> Free<\/li>\n \t<li class=\"free apartman-floor\"><em>Apartment 30:<\/em> Free<\/li>\n \t<li class=\"free apartman-floor\"><em>Apartment 31:<\/em> Free<\/li>\n \t<li class=\"free apartman-floor\"><em>Apartment 32:<\/em> Free<\/li>\n \t<li class=\"free apartman-floor\"><em>Apartment 33:<\/em> Free<\/li>\n \t<li class=\"free apartman-floor\"><em>Apartment 34:<\/em> Free<\/li>\n \t<li class=\"free apartman-floor\"><em>Apartment 35:<\/em> Free<\/li>\n<\/ul>\t\t\t\t\t\t\t\t<\/div>\n\t\t\t\t<\/div>\n\t\t\t\t<\/div>\n\t\t\t\t\t<\/div>\n\t\t\t\t<\/div>\n\t\t\t\t<\/div>","protected":false},"excerpt":{"rendered":"<p>TLOCRT Sprat V Sprat se prostire na ukupno 400m\u00b2 povr\u0161ine, pru\u017eaju\u0107i raznovrsne stambene opcije. Sa sedam jedinica, od kojih je jedan dvosobni, 5 jednosobonih i jednom garsonjerom, pru\u017eamo \u0161irok spektar izbora za na\u0161e stanare. Svaka jedinica je pa\u017eljivo osmi\u0161ljena kako bi pru\u017eila optimalan spoj funkcionalnosti i udobnosti. V sprat je opremljen modernim sistemima bezbjednosti, liftom &hellip; <\/p>\n<p class=\"link-more\"><a href=\"https:\/\/uniotec.kraftadvisors.net\/en\/stambeni-objekt-u-ulici-nikola-tesla-tlocrt-sprata-5-2\/\" class=\"more-link\">Read More <span class=\"screen-reader-text\"> &#8222;Stambeni objekt u Ulici Nikola Tesla &#8211; Tlocrt sprata 5&#8220;<\/span><\/a><\/p>","protected":false},"author":1,"featured_media":0,"parent":0,"menu_order":0,"comment_status":"closed","ping_status":"closed","template":"","meta":{"inline_featured_image":false,"footnotes":""},"_links":{"self":[{"href":"https:\/\/uniotec.kraftadvisors.net\/en\/wp-json\/wp\/v2\/pages\/9392"}],"collection":[{"href":"https:\/\/uniotec.kraftadvisors.net\/en\/wp-json\/wp\/v2\/pages"}],"about":[{"href":"https:\/\/uniotec.kraftadvisors.net\/en\/wp-json\/wp\/v2\/types\/page"}],"author":[{"embeddable":true,"href":"https:\/\/uniotec.kraftadvisors.net\/en\/wp-json\/wp\/v2\/users\/1"}],"replies":[{"embeddable":true,"href":"https:\/\/uniotec.kraftadvisors.net\/en\/wp-json\/wp\/v2\/comments?post=9392"}],"version-history":[{"count":13,"href":"https:\/\/uniotec.kraftadvisors.net\/en\/wp-json\/wp\/v2\/pages\/9392\/revisions"}],"predecessor-version":[{"id":9537,"href":"https:\/\/uniotec.kraftadvisors.net\/en\/wp-json\/wp\/v2\/pages\/9392\/revisions\/9537"}],"wp:attachment":[{"href":"https:\/\/uniotec.kraftadvisors.net\/en\/wp-json\/wp\/v2\/media?parent=9392"}],"curies":[{"name":"wp","href":"https:\/\/api.w.org\/{rel}","templated":true}]}}