{"id":9404,"date":"2024-02-05T14:22:26","date_gmt":"2024-02-05T14:22:26","guid":{"rendered":"https:\/\/uniotec.kraftadvisors.net\/?page_id=9404"},"modified":"2024-02-14T15:43:22","modified_gmt":"2024-02-14T15:43:22","slug":"stambeni-objekt-u-ulici-nikola-tesla-tlocrt-sprata-7-2","status":"publish","type":"page","link":"https:\/\/uniotec.kraftadvisors.net\/en\/stambeni-objekt-u-ulici-nikola-tesla-tlocrt-sprata-7-2\/","title":{"rendered":"Stambeni objekt u Ulici Nikola Tesla &#8211; Tlocrt sprata 7"},"content":{"rendered":"<div data-elementor-type=\"wp-page\" data-elementor-id=\"9404\" class=\"elementor elementor-9404\">\n\t\t\t\t\t\t<section class=\"elementor-section elementor-top-section elementor-element elementor-element-65a28c0 elementor-section-stretched elementor-section-full_width elementor-section-content-middle animated-fast elementor-section-height-default elementor-section-height-default elementor-invisible\" data-id=\"65a28c0\" data-element_type=\"section\" data-settings=\"{&quot;stretch_section&quot;:&quot;section-stretched&quot;,&quot;background_background&quot;:&quot;classic&quot;,&quot;animation&quot;:&quot;opal-move-up&quot;}\">\n\t\t\t\t\t\t\t<div class=\"elementor-background-overlay\"><\/div>\n\t\t\t\t\t\t\t<div class=\"elementor-container elementor-column-gap-no\">\n\t\t\t\t\t<div class=\"elementor-column elementor-col-50 elementor-top-column elementor-element elementor-element-33cbc74\" data-id=\"33cbc74\" data-element_type=\"column\" data-settings=\"{&quot;background_background&quot;:&quot;classic&quot;}\">\n\t\t\t<div class=\"elementor-widget-wrap\">\n\t\t\t\t\t\t\t<\/div>\n\t\t<\/div>\n\t\t\t\t<div class=\"elementor-column elementor-col-50 elementor-top-column elementor-element elementor-element-e9f4b72\" data-id=\"e9f4b72\" data-element_type=\"column\" data-settings=\"{&quot;background_background&quot;:&quot;classic&quot;}\">\n\t\t\t<div class=\"elementor-widget-wrap\">\n\t\t\t\t\t\t\t<\/div>\n\t\t<\/div>\n\t\t\t\t\t<\/div>\n\t\t<\/section>\n\t\t\t\t<section class=\"elementor-section elementor-top-section elementor-element elementor-element-51addda elementor-section-stretched elementor-section-boxed elementor-section-height-default elementor-section-height-default elementor-invisible\" data-id=\"51addda\" data-element_type=\"section\" data-settings=\"{&quot;stretch_section&quot;:&quot;section-stretched&quot;,&quot;animation&quot;:&quot;opal-move-up&quot;}\">\n\t\t\t\t\t\t<div class=\"elementor-container elementor-column-gap-no\">\n\t\t\t\t\t<div class=\"elementor-column elementor-col-100 elementor-top-column elementor-element elementor-element-2f419d0\" data-id=\"2f419d0\" data-element_type=\"column\">\n\t\t\t<div class=\"elementor-widget-wrap elementor-element-populated\">\n\t\t\t\t\t\t<div class=\"elementor-element elementor-element-c086a77 elementor-widget elementor-widget-heading\" data-id=\"c086a77\" data-element_type=\"widget\" data-widget_type=\"heading.default\">\n\t\t\t\t<div class=\"elementor-widget-container\">\n\t\t\t\t\t<h2 class=\"elementor-heading-title elementor-size-default\">Choose your apartment<\/h2>\t\t\t\t<\/div>\n\t\t\t\t<\/div>\n\t\t\t\t<div class=\"elementor-element elementor-element-52e2557 elementor-widget elementor-widget-text-editor\" data-id=\"52e2557\" data-element_type=\"widget\" data-widget_type=\"text-editor.default\">\n\t\t\t\t<div class=\"elementor-widget-container\">\n\t\t\t\t\t\t\t\t\t<p>By clicking on the desired apartment, you can get a detailed view. To view a specific apartment, simply click on its icon on the map to get more information.<\/p>\t\t\t\t\t\t\t\t<\/div>\n\t\t\t\t<\/div>\n\t\t\t\t\t<\/div>\n\t\t<\/div>\n\t\t\t\t\t<\/div>\n\t\t<\/section>\n\t\t<div class=\"elementor-element elementor-element-a6dddff e-flex e-con-boxed e-con e-parent\" data-id=\"a6dddff\" data-element_type=\"container\">\n\t\t\t\t\t<div class=\"e-con-inner\">\n\t\t\t\t\t<\/div>\n\t\t\t\t<\/div>\n\t\t<div class=\"elementor-element elementor-element-7b50b81 e-con-full elementor-hidden-mobile e-flex e-con e-parent\" data-id=\"7b50b81\" data-element_type=\"container\" id=\"apartment-image-holder\" data-settings=\"{&quot;background_background&quot;:&quot;classic&quot;}\">\n\t\t\t\t<div class=\"elementor-element elementor-element-8cdfbf5 elementor-widget elementor-widget-html\" data-id=\"8cdfbf5\" data-element_type=\"widget\" data-widget_type=\"html.default\">\n\t\t\t\t<div class=\"elementor-widget-container\">\n\t\t\t\t\t<style>\r\n    .floor__apartment {\r\n        height: 100%;\r\n   position: relative;\r\n   width: 100%;\r\n    }\r\n\r\n    .floor__apartment a {\r\n   position: absolute;\r\n   width: 10rem;\r\n   height: 10rem;\r\n   top: 12rem;\r\n   transform: all 0.3s ease;\r\n   display: flex;\r\n   align-items: center;\r\n   justify-content: center;\r\n   font-weight: 900;\r\n   font-size: 2rem;\r\n    }\r\n    \r\n    .floor__apartment a:hover{\r\n        background:  #789885;\r\n        opacity: 0.8;\r\n        color:white;\r\n    }\r\n      #apart-6:hover{\r\n      background: #D8807D;\r\n    }\r\n    \r\n#apart-1{\r\n        left:9rem;\r\n    }\r\n    #apart-2{\r\n        left:23rem;\r\n    }\r\n    #apart-3{\r\n        left:33rem;\r\n    }\r\n    #apart-4{\r\n        left:44rem;\r\n    }\r\n     #apart-5{\r\n         top: 31rem;\r\n        left:10rem;\r\n    }\r\n     #apart-6{\r\n         top: 31rem;\r\n        left:23rem;\r\n    }\r\n     #apart-7{\r\n         top: 31rem;\r\n        left:42rem;\r\n    }\r\n    \r\n    .apart-48:hover,.apart-49:hover{\r\n         background:  #789885 !important;\r\n    }\r\n    \r\n    .apart-47:hover{\r\n        background:  #D8807D !important;\r\n    }\r\n    \r\n    @media(max-width:993px){\r\n        .floor__apartment a {\r\n            width: 7rem;\r\n            height: 7rem;\r\n            top: 15rem;\r\n        }\r\n        #apart-1{\r\n        left:6rem;\r\n    }\r\n    #apart-2{\r\n        left:16rem;\r\n    }\r\n    #apart-3{\r\n        left:25rem;\r\n        width: 5rem;\r\n    }\r\n    #apart-4{\r\n        left:32rem;\r\n    }\r\n     #apart-5{\r\n         top: 30rem;\r\n        left:6rem;\r\n    }\r\n     #apart-6{\r\n         top: 30rem;\r\n        left:16rem;\r\n    }\r\n     #apart-7{\r\n         top: 30rem;\r\n        left:32rem;\r\n    }\r\n    }\r\n    @media(max-width:768px){\r\n        .floor__apartment a {\r\n            width: 5rem;\r\n            height: 5rem;\r\n            top: 18rem;\r\n        }\r\n        #apart-1{\r\n        left:4rem;\r\n    }\r\n    #apart-2{\r\n        left:13rem;\r\n    }\r\n    #apart-3{\r\n        left:18.5rem;\r\n        width:3rem;\r\n    }\r\n    #apart-4{\r\n        left:23rem;\r\n    }\r\n     #apart-5{\r\n         top: 30rem;\r\n        left:4rem;\r\n    }\r\n     #apart-6{\r\n         top: 30rem;\r\n        left:13rem;\r\n    }\r\n     #apart-7{\r\n         top: 30rem;\r\n        left:22rem;\r\n    }\r\n    }\r\n\r\n<\/style>\r\n\r\n<div class=\"floor__apartment\">\r\n    <a target=\"_blank\" href=\"https:\/\/uniotec.kraftadvisors.net\/wp-content\/uploads\/2024\/01\/Stan-1.pdf\" id=\"apart-1\" >Stan 43<\/a>\r\n    <a target=\"_blank\"  id=\"apart-2\" href=\"https:\/\/uniotec.kraftadvisors.net\/wp-content\/uploads\/2024\/01\/Stan-2.pdf\">Stan 44<\/a>\r\n    <a target=\"_blank\" id=\"apart-3\" href=\"https:\/\/uniotec.kraftadvisors.net\/wp-content\/uploads\/2024\/01\/Stan-3.pdf\">Stan 45<\/a>\r\n    <a target=\"_blank\" id=\"apart-4\" href=\"https:\/\/uniotec.kraftadvisors.net\/wp-content\/uploads\/2024\/01\/Stan-4.pdf\">Stan 46<\/a>\r\n    <a target=\"_blank\" id=\"apart-5\" class=\"apart-47\" href=\"https:\/\/uniotec.kraftadvisors.net\/wp-content\/uploads\/2024\/01\/Stan-5.pdf\">Stan 47<\/a>\r\n    <a target=\"_blank\" id=\"apart-6\" class=\"apart-48\" href=\"https:\/\/uniotec.kraftadvisors.net\/wp-content\/uploads\/2024\/01\/Stan-6.pdf\">Stan 48<\/a>\r\n    <a target=\"_blank\" id=\"apart-7\" class=\"apart-49\"  href=\"https:\/\/uniotec.kraftadvisors.net\/wp-content\/uploads\/2024\/01\/Stan-7.pdf\">Stan 49<\/a>\r\n<\/div>\t\t\t\t<\/div>\n\t\t\t\t<\/div>\n\t\t\t\t<\/div>\n\t\t<div class=\"elementor-element elementor-element-58f73c3 e-con-full elementor-hidden-desktop elementor-hidden-tablet e-flex e-con e-parent\" data-id=\"58f73c3\" data-element_type=\"container\" data-settings=\"{&quot;background_background&quot;:&quot;classic&quot;}\">\n\t\t\t\t<div class=\"elementor-element elementor-element-1e6f3d3 elementor-widget elementor-widget-html\" data-id=\"1e6f3d3\" data-element_type=\"widget\" data-widget_type=\"html.default\">\n\t\t\t\t<div class=\"elementor-widget-container\">\n\t\t\t\t\t<style>\r\n    .floor__apartmentMob {\r\n        height: 100%;\r\n   position: relative;\r\n   width: 100%;\r\n    }\r\n\r\n    .floor__apartmentMob a {\r\n   position: absolute;\r\n   width: 6rem;\r\n   height: 4rem;\r\n   top: 12rem;\r\nbackground: transparent;\r\n   transform: all 0.3s ease;\r\n   display: flex;\r\n   align-items: center;\r\n   justify-content: center;\r\n   font-weight: 900;\r\n   font-size: 0.5rem;\r\n    }\r\n    \r\n    .floor__apartmentMob a:hover{\r\n        background:  #789885;\r\n        opacity: 0.8;\r\n        color:white;\r\n    }\r\n      \r\n      #apart-47Mob:hover{\r\n      background: #D8807D;\r\n    }\r\n    \r\n#apart-43Mob{\r\n       right: 2.5rem;\r\n      top: 16rem;\r\n    }\r\n    #apart-44Mob{\r\n        right: 2.5rem;\r\n         top: 23rem;\r\n    }\r\n    #apart-45Mob{\r\n        right: 2.5rem;\r\n         top: 28rem;\r\n    }\r\n    #apart-46Mob{\r\n         right: 2.5rem;\r\n         top: 33rem;\r\n    }\r\n     #apart-47Mob{\r\n        left: 2.5rem;\r\n         top: 16rem;\r\n    }\r\n     #apart-48Mob{\r\n        left: 2.5rem;\r\n         top: 23rem;\r\n    }\r\n     #apart-49Mob{\r\n           left: 2.5rem;\r\n         top: 33rem;\r\n    }\r\n    \r\n\r\n<\/style>\r\n\r\n<div class=\"floor__apartmentMob\">\r\n    <a target=\"_blank\" href=\"https:\/\/uniotec.kraftadvisors.net\/wp-content\/uploads\/2024\/01\/Stan-1.pdf\" id=\"apart-43Mob\" >Stan 43<\/a>\r\n    <a target=\"_blank\"  id=\"apart-44Mob\" href=\"https:\/\/uniotec.kraftadvisors.net\/wp-content\/uploads\/2024\/01\/Stan-2.pdf\">Stan 44<\/a>\r\n    <a target=\"_blank\" id=\"apart-45Mob\" href=\"https:\/\/uniotec.kraftadvisors.net\/wp-content\/uploads\/2024\/01\/Stan-3.pdf\">Stan 45<\/a>\r\n    <a target=\"_blank\" id=\"apart-46Mob\" href=\"https:\/\/uniotec.kraftadvisors.net\/wp-content\/uploads\/2024\/01\/Stan-4.pdf\">Stan 46<\/a>\r\n    <a target=\"_blank\" id=\"apart-47Mob\" href=\"https:\/\/uniotec.kraftadvisors.net\/wp-content\/uploads\/2024\/01\/Stan-5.pdf\">Stan 47<\/a>\r\n    <a target=\"_blank\" id=\"apart-48Mob\" href=\"https:\/\/uniotec.kraftadvisors.net\/wp-content\/uploads\/2024\/01\/Stan-6.pdf\">Stan 48<\/a>\r\n    <a target=\"_blank\" id=\"apart-49Mob\" href=\"https:\/\/uniotec.kraftadvisors.net\/wp-content\/uploads\/2024\/01\/Stan-7.pdf\">Stan 49<\/a>\r\n<\/div>\t\t\t\t<\/div>\n\t\t\t\t<\/div>\n\t\t\t\t<\/div>\n\t\t<div class=\"elementor-element elementor-element-e37369b e-flex e-con-boxed e-con e-parent\" data-id=\"e37369b\" data-element_type=\"container\">\n\t\t\t\t\t<div class=\"e-con-inner\">\n\t\t<div class=\"elementor-element elementor-element-fd89707 e-con-full e-flex e-con e-child\" data-id=\"fd89707\" data-element_type=\"container\">\n\t\t\t\t<div class=\"elementor-element elementor-element-db1dbf4 elementor-widget__width-initial elementor-widget elementor-widget-text-editor\" data-id=\"db1dbf4\" data-element_type=\"widget\" data-widget_type=\"text-editor.default\">\n\t\t\t\t<div class=\"elementor-widget-container\">\n\t\t\t\t\t\t\t\t\t<style>\n.free{color: green;}\n.taken{color: orangered;}\n.reserved{color: orange;}\n.apartman-floor{font-weight:800;}\n<\/style>\n\n<strong style=\"font-weight: 900; margin-bottom: 10px; text-align: center;\">Apartment list:<\/strong>\n<ul style=\"display: flex; flex-wrap: wrap; gap: 2rem; width: 100%; padding: 5rem 5rem; list-style: none;\">\n \t<li class=\"free apartman-floor\"><em>Apartment 43:<\/em> Free<\/li>\n \t<li class=\"free apartman-floor\"><em>Apartment 44:<\/em> Free<\/li>\n \t<li class=\"free apartman-floor\"><em>Apartment 45:<\/em> Free<\/li>\n \t<li class=\"free apartman-floor\"><em>Apartment 46:<\/em> Free<\/li>\n \t<li class=\"taken apartman-floor\"><em>Apartment 47:<\/em> Taken<\/li>\n \t<li class=\"free apartman-floor\"><em>Apartment 48:<\/em> Free<\/li>\n \t<li class=\"free apartman-floor\"><em>Apartment 49:<\/em> Free<\/li>\n<\/ul>\t\t\t\t\t\t\t\t<\/div>\n\t\t\t\t<\/div>\n\t\t\t\t<\/div>\n\t\t\t\t\t<\/div>\n\t\t\t\t<\/div>\n\t\t\t\t<\/div>","protected":false},"excerpt":{"rendered":"<p>TLOCRT Sprat VII Sprat se prostire na ukupno 400m\u00b2 povr\u0161ine, pru\u017eaju\u0107i raznovrsne stambene opcije. Sa sedam jedinica, od kojih je jedan dvosobni, 5 jednosobonih i jednom garsonjerom, pru\u017eamo \u0161irok spektar izbora za na\u0161e stanare. Svaka jedinica je pa\u017eljivo osmi\u0161ljena kako bi pru\u017eila optimalan spoj funkcionalnosti i udobnosti. VII sprat je opremljen modernim sistemima bezbjednosti, liftom &hellip; <\/p>\n<p class=\"link-more\"><a href=\"https:\/\/uniotec.kraftadvisors.net\/en\/stambeni-objekt-u-ulici-nikola-tesla-tlocrt-sprata-7-2\/\" class=\"more-link\">Read More <span class=\"screen-reader-text\"> &#8222;Stambeni objekt u Ulici Nikola Tesla &#8211; Tlocrt sprata 7&#8220;<\/span><\/a><\/p>","protected":false},"author":1,"featured_media":0,"parent":0,"menu_order":0,"comment_status":"closed","ping_status":"closed","template":"","meta":{"inline_featured_image":false,"footnotes":""},"_links":{"self":[{"href":"https:\/\/uniotec.kraftadvisors.net\/en\/wp-json\/wp\/v2\/pages\/9404"}],"collection":[{"href":"https:\/\/uniotec.kraftadvisors.net\/en\/wp-json\/wp\/v2\/pages"}],"about":[{"href":"https:\/\/uniotec.kraftadvisors.net\/en\/wp-json\/wp\/v2\/types\/page"}],"author":[{"embeddable":true,"href":"https:\/\/uniotec.kraftadvisors.net\/en\/wp-json\/wp\/v2\/users\/1"}],"replies":[{"embeddable":true,"href":"https:\/\/uniotec.kraftadvisors.net\/en\/wp-json\/wp\/v2\/comments?post=9404"}],"version-history":[{"count":13,"href":"https:\/\/uniotec.kraftadvisors.net\/en\/wp-json\/wp\/v2\/pages\/9404\/revisions"}],"predecessor-version":[{"id":9549,"href":"https:\/\/uniotec.kraftadvisors.net\/en\/wp-json\/wp\/v2\/pages\/9404\/revisions\/9549"}],"wp:attachment":[{"href":"https:\/\/uniotec.kraftadvisors.net\/en\/wp-json\/wp\/v2\/media?parent=9404"}],"curies":[{"name":"wp","href":"https:\/\/api.w.org\/{rel}","templated":true}]}}