{"id":9915,"date":"2024-06-26T08:17:02","date_gmt":"2024-06-26T08:17:02","guid":{"rendered":"https:\/\/uniotec.kraftadvisors.net\/?page_id=9915"},"modified":"2024-07-03T15:40:57","modified_gmt":"2024-07-03T15:40:57","slug":"stambeno-poslovni-objekat-tat-sprat-5","status":"publish","type":"page","link":"https:\/\/uniotec.kraftadvisors.net\/en\/stambeno-poslovni-objekat-tat-sprat-5\/","title":{"rendered":"Stambeno poslovni objekat &#8211; &#8216;TAT&#8217; &#8211; sprat 5"},"content":{"rendered":"<div data-elementor-type=\"wp-page\" data-elementor-id=\"9915\" class=\"elementor elementor-9915\">\n\t\t\t\t\t\t<section class=\"elementor-section elementor-top-section elementor-element elementor-element-65a28c0 elementor-section-stretched elementor-section-full_width elementor-section-content-middle animated-fast elementor-section-height-default elementor-section-height-default elementor-invisible\" data-id=\"65a28c0\" data-element_type=\"section\" data-settings=\"{&quot;stretch_section&quot;:&quot;section-stretched&quot;,&quot;background_background&quot;:&quot;classic&quot;,&quot;animation&quot;:&quot;opal-move-up&quot;}\">\n\t\t\t\t\t\t\t<div class=\"elementor-background-overlay\"><\/div>\n\t\t\t\t\t\t\t<div class=\"elementor-container elementor-column-gap-no\">\n\t\t\t\t\t<div class=\"elementor-column elementor-col-50 elementor-top-column elementor-element elementor-element-33cbc74\" data-id=\"33cbc74\" data-element_type=\"column\" data-settings=\"{&quot;background_background&quot;:&quot;classic&quot;}\">\n\t\t\t<div class=\"elementor-widget-wrap\">\n\t\t\t\t\t\t\t<\/div>\n\t\t<\/div>\n\t\t\t\t<div class=\"elementor-column elementor-col-50 elementor-top-column elementor-element elementor-element-e9f4b72\" data-id=\"e9f4b72\" data-element_type=\"column\" data-settings=\"{&quot;background_background&quot;:&quot;classic&quot;}\">\n\t\t\t<div class=\"elementor-widget-wrap\">\n\t\t\t\t\t\t\t<\/div>\n\t\t<\/div>\n\t\t\t\t\t<\/div>\n\t\t<\/section>\n\t\t\t\t<section class=\"elementor-section elementor-top-section elementor-element elementor-element-51addda elementor-section-stretched elementor-section-boxed elementor-section-height-default elementor-section-height-default elementor-invisible\" data-id=\"51addda\" data-element_type=\"section\" data-settings=\"{&quot;stretch_section&quot;:&quot;section-stretched&quot;,&quot;animation&quot;:&quot;opal-move-up&quot;}\">\n\t\t\t\t\t\t<div class=\"elementor-container elementor-column-gap-no\">\n\t\t\t\t\t<div class=\"elementor-column elementor-col-100 elementor-top-column elementor-element elementor-element-2f419d0\" data-id=\"2f419d0\" data-element_type=\"column\">\n\t\t\t<div class=\"elementor-widget-wrap elementor-element-populated\">\n\t\t\t\t\t\t<div class=\"elementor-element elementor-element-c086a77 elementor-widget elementor-widget-heading\" data-id=\"c086a77\" data-element_type=\"widget\" data-widget_type=\"heading.default\">\n\t\t\t\t<div class=\"elementor-widget-container\">\n\t\t\t\t\t<h2 class=\"elementor-heading-title elementor-size-default\">Tlocrt sprata<\/h2>\t\t\t\t<\/div>\n\t\t\t\t<\/div>\n\t\t\t\t\t<\/div>\n\t\t<\/div>\n\t\t\t\t\t<\/div>\n\t\t<\/section>\n\t\t<div class=\"elementor-element elementor-element-a32ab65 e-con-full e-flex e-con e-parent\" data-id=\"a32ab65\" data-element_type=\"container\">\n\t\t\t\t<div class=\"elementor-element elementor-element-2de2a28 elementor-widget elementor-widget-image\" data-id=\"2de2a28\" data-element_type=\"widget\" data-widget_type=\"image.default\">\n\t\t\t\t<div class=\"elementor-widget-container\">\n\t\t\t\t\t\t\t\t\t\t\t\t\t\t\t\t<a href=\"https:\/\/uniotec.kraftadvisors.net\/wp-content\/uploads\/2024\/05\/Stanovi.png\" data-elementor-open-lightbox=\"yes\" data-elementor-lightbox-title=\"Stanovi\" data-e-action-hash=\"#elementor-action%3Aaction%3Dlightbox%26settings%3DeyJpZCI6MTAxMjIsInVybCI6Imh0dHBzOlwvXC91bmlvdGVjLmtyYWZ0YWR2aXNvcnMubmV0XC93cC1jb250ZW50XC91cGxvYWRzXC8yMDI0XC8wNVwvU3Rhbm92aS5wbmcifQ%3D%3D\">\n\t\t\t\t\t\t\t<img fetchpriority=\"high\" decoding=\"async\" width=\"2048\" height=\"912\" src=\"https:\/\/uniotec.kraftadvisors.net\/wp-content\/uploads\/2024\/05\/Stanovi-2048x912.png\" class=\"attachment-2048x2048 size-2048x2048 wp-image-10122\" alt=\"\" srcset=\"https:\/\/uniotec.kraftadvisors.net\/wp-content\/uploads\/2024\/05\/Stanovi-2048x912.png 2048w, https:\/\/uniotec.kraftadvisors.net\/wp-content\/uploads\/2024\/05\/Stanovi-300x134.png 300w, https:\/\/uniotec.kraftadvisors.net\/wp-content\/uploads\/2024\/05\/Stanovi-1024x456.png 1024w, https:\/\/uniotec.kraftadvisors.net\/wp-content\/uploads\/2024\/05\/Stanovi-768x342.png 768w, https:\/\/uniotec.kraftadvisors.net\/wp-content\/uploads\/2024\/05\/Stanovi-1536x684.png 1536w, https:\/\/uniotec.kraftadvisors.net\/wp-content\/uploads\/2024\/05\/Stanovi-18x8.png 18w, https:\/\/uniotec.kraftadvisors.net\/wp-content\/uploads\/2024\/05\/Stanovi-700x312.png 700w\" sizes=\"(max-width: 2048px) 100vw, 2048px\" \/>\t\t\t\t\t\t\t\t<\/a>\n\t\t\t\t\t\t\t\t\t\t\t\t\t\t\t<\/div>\n\t\t\t\t<\/div>\n\t\t\t\t<\/div>\n\t\t\t\t<\/div>","protected":false},"excerpt":{"rendered":"<p>TLOCRT Sprat 5 Sprat se prostire na ukupno 515m\u00b2 povr\u0161ine, pru\u017eaju\u0107i raznovrsne stambene opcije. Sa sedam jedinica, od kojih je jedan dvosobni, 5 jednosobonih i jednom garsonjerom, pru\u017eamo \u0161irok spektar izbora za na\u0161e stanare. Svaka jedinica je pa\u017eljivo osmi\u0161ljena kako bi pru\u017eila optimalan spoj funkcionalnosti i udobnosti. I sprat je opremljen modernim sistemima bezbjednosti, liftom &hellip; <\/p>\n<p class=\"link-more\"><a href=\"https:\/\/uniotec.kraftadvisors.net\/en\/stambeno-poslovni-objekat-tat-sprat-5\/\" class=\"more-link\">Read More <span class=\"screen-reader-text\"> &#8222;Stambeno poslovni objekat &#8211; &#8216;TAT&#8217; &#8211; sprat 5&#8220;<\/span><\/a><\/p>","protected":false},"author":1,"featured_media":0,"parent":0,"menu_order":0,"comment_status":"closed","ping_status":"closed","template":"","meta":{"inline_featured_image":false,"footnotes":""},"_links":{"self":[{"href":"https:\/\/uniotec.kraftadvisors.net\/en\/wp-json\/wp\/v2\/pages\/9915"}],"collection":[{"href":"https:\/\/uniotec.kraftadvisors.net\/en\/wp-json\/wp\/v2\/pages"}],"about":[{"href":"https:\/\/uniotec.kraftadvisors.net\/en\/wp-json\/wp\/v2\/types\/page"}],"author":[{"embeddable":true,"href":"https:\/\/uniotec.kraftadvisors.net\/en\/wp-json\/wp\/v2\/users\/1"}],"replies":[{"embeddable":true,"href":"https:\/\/uniotec.kraftadvisors.net\/en\/wp-json\/wp\/v2\/comments?post=9915"}],"version-history":[{"count":10,"href":"https:\/\/uniotec.kraftadvisors.net\/en\/wp-json\/wp\/v2\/pages\/9915\/revisions"}],"predecessor-version":[{"id":10149,"href":"https:\/\/uniotec.kraftadvisors.net\/en\/wp-json\/wp\/v2\/pages\/9915\/revisions\/10149"}],"wp:attachment":[{"href":"https:\/\/uniotec.kraftadvisors.net\/en\/wp-json\/wp\/v2\/media?parent=9915"}],"curies":[{"name":"wp","href":"https:\/\/api.w.org\/{rel}","templated":true}]}}